{"id":2571,"date":"2019-10-25T17:08:39","date_gmt":"2019-10-25T15:08:39","guid":{"rendered":"https:\/\/golfmarcosimone.com\/?page_id=2571"},"modified":"2022-10-28T10:38:33","modified_gmt":"2022-10-28T08:38:33","slug":"privacy-policy-2","status":"publish","type":"page","link":"https:\/\/golfmarcosimone.com\/it\/privacy-policy-2\/","title":{"rendered":"Privacy policy"},"content":{"rendered":"<p>[vc_row unlock_row_content=&#8221;yes&#8221; row_height_percent=&#8221;0&#8243; override_padding=&#8221;yes&#8221; h_padding=&#8221;2&#8243; top_padding=&#8221;2&#8243; bottom_padding=&#8221;2&#8243; overlay_alpha=&#8221;50&#8243; equal_height=&#8221;yes&#8221; gutter_size=&#8221;0&#8243; column_width_percent=&#8221;80&#8243; shift_y=&#8221;0&#8243; z_index=&#8221;0&#8243; type=&#8221;grid&#8221; css=&#8221;.vc_custom_1666946165781{background-color: #ffffff !important;}&#8221;][vc_column width=&#8221;1\/6&#8243;][\/vc_column][vc_column width=&#8221;4\/6&#8243;][vc_column_text]<strong>INFORMATIVA PRIVACY IN MATERIA DI PROTEZIONE DEI DATI PERSONALI<\/strong><br \/>\nMarco Simone Golf &amp; Country Club Spa, con sede legale in Via di Marco Simone 84\/88 \u2013 Guidonia Montecelio (in seguito \u201cTitolare\u201d), in qualit\u00e0 di Titolare del trattamento, informa gli interessati ai sensi dell\u2018art. 13 D.Lgs. 30.06.2003 n. 196 (in seguito, \u201cCodice Privacy\u201d) e dell\u2018art. 13 Regolamento UE n. 2016\/679 (in seguito, \u201cGDPR\u201d) che i Vostri dati saranno trattati con le modalit\u00e0 e per le finalit\u00e0 seguenti:<\/p>\n<p><strong>OGGETTO DEL TRATTAMENTO<\/strong><br \/>\nIl Titolare tratta i dati personali, identificativi e non sensibili (a titolo esemplificativo ma non esaustivo, nome, cognome, telefono, e-mail \u2013 in seguito, \u201cdati personali\u201d o anche \u201cdati\u201d) da Voi comunicati in occasione dell\u2018invio della richiesta di visione del portfolio al sito web https:\/\/golfmarcosimone.com\/ del Titolare (in seguito, \u201cSito\u201d).<\/p>\n<p><strong>FINALITA\u2019 DEL TRATTAMENTO<\/strong><\/p>\n<ol>\n<li>a) I dati personali raccolti presso gli interessati sono trattati ed utilizzati direttamente per gestire la richiesta dell\u2019utente di informazioni.<br \/>\nb) Qualora l\u2019interessato presti idoneo consenso, i dati potranno essere trattati per attivit\u00e0 di comunicazione commerciale delle attivit\u00e0 o dei prodotti del Titolare anche attraverso telefono e posta elettronica (newsletter).<\/li>\n<\/ol>\n<p><strong>INTERAZIONE CON SOCIAL NETWORK E PIATTAFORME ESTERNE<\/strong><br \/>\nQuesti servizi permettono di effettuare interazioni con i social network, o con altre piattaforme esterne, direttamente dalle pagine di questo Sito. Le interazioni e le informazioni acquisite da questo Sito sono in ogni caso soggette alle impostazioni privacy dell\u2019Utente relative ad ogni social network. Nel caso in cui sia installato un servizio di interazione con i social network, \u00e8 possibile che, anche nel caso gli Utenti non utilizzino il servizio, lo stesso raccolga dati di traffico relativi alle pagine in cui \u00e8 installato.<\/p>\n<p><strong>STATISTICA<\/strong><br \/>\nI servizi contenuti nella presente sezione permettono al Titolare del Trattamento di monitorare e analizzare i dati di traffico e servono a tener traccia del comportamento dell\u2019Utente.<\/p>\n<p><strong>VISUALIZZAZIONE DI CONTENUTI DA PIATTAFORME ESTERNE<\/strong><br \/>\nQuesto tipo di servizi permette di visualizzare contenuti ospitati su piattaforme esterne direttamente dalle pagine di questo Sito e di interagire con essi.<br \/>\nNel caso in cui sia installato un servizio di questo tipo, \u00e8 possibile che, anche nel caso gli Utenti non utilizzino il servizio, lo stesso raccolga dati di traffico relativi alle pagine in cui \u00e8 installato.<\/p>\n<p><strong>MODALITA\u2019 DI TRATTAMENTO<\/strong><br \/>\nIl trattamento dei Vostri dati personali \u00e8 realizzato per mezzo delle operazioni indicate all\u2018art. 4 Codice Privacy e all\u2018art. 4 n. 2) GDPR e precisamente: raccolta, registrazione, organizzazione, conservazione, consultazione, elaborazione, modificazione, selezione, estrazione, raffronto, utilizzo, interconnessione, blocco, comunicazione, cancellazione e distruzione dei dati. I Vostri dati personali sono sottoposti a trattamento attraverso procedure informatiche, mezzi telematici ed in via residuale su supporti cartacei, da parte di soggetti interni appositamente incaricati nonch\u00e9 dai responsabili esterni in caso nominati, e ci\u00f2 anche in base agli accordi contrattuali in essere.<\/p>\n<p><strong>SICUREZZA<\/strong><br \/>\nI dati sono conservati in archivi informatici, telematici, ed in via residuale cartacei. Il Titolare ha adottato\u00a0 misure di sicurezza per proteggere i Vostri dati contro il rischio di perdita, abuso o alterazione. In particolare: ha adottato le misure di cui agli artt. 32-34 Codice Privacy e all\u2018art. 32 GDPR.<\/p>\n<p><strong>TEMPI DI CONSERVAZIONE<\/strong><br \/>\nIl Titolare tratter\u00e0 i dati personali per il tempo necessario per adempiere alle finalit\u00e0 di cui sopra e comunque per non oltre 10 anni dalla raccolta dei dati.<\/p>\n<p><strong>LUOGO DI TRATTAMENTO<\/strong><br \/>\nI dati verranno trattati dal Titolare presso la propria sede legale e sede operativa.<\/p>\n<p><strong>COMUNICAZIONE E DIFFUSIONE<\/strong><br \/>\nI dati personali non saranno diffusi dal Titolare.La comunicazione a terzi, diversi dal Titolare, dai responsabili, interni ma anche esterni alla struttura aziendale, e dagli incaricati al trattamento individuati e nominati, \u00e8 prevista per il perseguimento delle finalit\u00e0 indicate ed in ogni caso nei limiti delle stesse, a soggetti e societ\u00e0 terze, partner commerciali, impegnate nel corretto e regolare perseguimento delle finalit\u00e0 descritte. I dati forniti dall\u2018utente potranno essere comunicati ai soggetti per i quali sussista un obbligo di comunicazione ai sensi di legge o una necessit\u00e0 di comunicazione per far valere un giusto diritto della societ\u00e0 presso gli organi preposti. In ogni caso il trattamento da parte di soggetti terzi dovr\u00e0 avvenire secondo correttezza e nel rispetto delle disposizioni di legge vigenti.<\/p>\n<p><strong>Per i partecipanti alle manifestazioni e agli eventi e per i tesserati alla Societ\u00e0 sportiva dilettantistica Marco Simone:<\/strong><strong><br \/>\n<\/strong>I dati personali, anche di natura sensibile, conferiti all\u2019atto della propria partecipazione agli eventi della Marco Simone Golf e Country Club, cos\u00ec come quelli raccolti dalla Societ\u00e0 successivamente, saranno trattati esclusivamente per finalit\u00e0 connesse alla gestione e allo svolgimento degli eventi e delle manifestazioni, alla partecipazione dell\u2019interessato alle attivit\u00e0 della Societ\u00e0 \u2013 manifestazioni promozionali, eventi conviviali e per comunicazioni di natura commerciale \u2013 , nel rispetto del D.Lgs. 196\/2003<strong>.<\/strong><strong><br \/>\n<\/strong>I dati potranno essere trattati attraverso strumenti informatici o mediante supporti cartacei previa l\u2019adozione, in entrambi i casi, delle misure di sicurezza stabilite dalle vigenti norme di legge.<br \/>\nI dati in questione potranno essere comunicati alla Federazione Italiana Golf per finalit\u00e0 istituzionali, ai soggetti incaricati della organizzazione di gare ed eventi in genere a cui l\u2019 interessato intenda partecipare ed alle aziende partner della Societ\u00e0 i quali se ne serviranno allo scopo di provvedere all\u2019invio di materiale promozionale dei beni o servizi da essi offerti all\u2019indirizzo dell\u2019 interessato.<br \/>\nAttraverso il sito Internet www.golfmarcosimone.com, altri canali web, le pagine social del Marco Simone Golf e mezzo stampa, potranno essere diffuse informazioni ed immagini fotografiche e video relative alla partecipazione a gare ed eventi in genere. In ogni caso, al termine delle gare e degli eventi in genere, la Marco Simone Golf &amp; Country Club Spa conserver\u00e0 le fotografie e le immagini.<br \/>\nLa Marco Simone Golf &amp; Country Club non si assume nessuna responsabilit\u00e0 in caso di utilizzo improprio e\/o illecito delle immagini eventualmente effettuato da parte di terzi. In ogni caso nulla potr\u00e0 pretendere in ragione di quanto sopra indicato rinunciando irrevocabilmente ad ogni diritto, azione o pretesa.<\/p>\n<p><strong>TRASFERIMENTO DEI DATI<\/strong><br \/>\nIl Titolare del trattamento non trasferisce i dati personali in paesi terzi o a organizzazioni internazionali.<\/p>\n<p><strong>NATURA DEL CONFERIMENTO E CONSEGUENZE RIFIUTO A RISPONDERE<\/strong><br \/>\nIl conferimento dei dati \u00e8 facoltativo ed \u00e8 rimesso alla volont\u00e0 del soggetto che voglia conoscere il portfolio predisposto dal Titolare. Il mancato conferimento dei dati strettamente indispensabili all\u2019iscrizione comporta l\u2019impossibilit\u00e0 di dar seguito alla stessa ed alla conseguente fruizione dei servizi. I dati non espressamente indicati come obbligatori, potranno essere liberamente concessi dagli interessati. L\u2019interessato pu\u00f2 negare successivamente la possibilit\u00e0 di trattare dati gi\u00e0 forniti: in tal caso, non potr\u00e0 ricevere via posta elettronica o telefono alcuna altra comunicazione relativa al portfolio del Titolare o altre comunicazioni commerciali delle attivit\u00e0 professionali effettuate dal Titolare.<\/p>\n<p><strong>DIRITTI DELL\u2019INTERESSATO<\/strong><br \/>\nSecondo l\u2019art. 7 Codice Privacy e art. 15 GDPR, l\u2019interessato potr\u00e0 ottenere la conferma dell\u2019esistenza o meno di dati personali che lo riguardano, anche se non ancora registrati, e la loro comunicazione in forma intelligibile. L\u2019interessato ha diritto di ottenere l\u2019indicazione:<br \/>\na) dell\u2019origine dei dati personali;<br \/>\nb) delle finalit\u00e0 e modalit\u00e0 del trattamento;<br \/>\nc) della logica applicata in caso di trattamento effettuato con l\u2019ausilio di strumenti elettronici;<br \/>\nd) degli estremi identificativi del titolare, dei responsabili e del rappresentante designato ai sensi dell\u2019articolo 5, comma 2 e art. 3, comma 1, GDPR;<br \/>\ne) dei soggetti o delle categorie di soggetti ai quali i dati personali possono essere comunicati o che possono venirne a conoscenza in qualit\u00e0 di rappresentante designato nel territorio dello Stato, di responsabili o incaricati.<\/p>\n<p>L\u2019interessato ha diritto di ottenere:<br \/>\na) l\u2019aggiornamento, la rettificazione ovvero, quando vi ha interesse, l\u2019integrazione dei dati;<br \/>\nb) la cancellazione, la trasformazione in forma anonima o il blocco dei dati trattati in violazione di legge, compresi quelli di cui non \u00e8 necessaria la conservazione in relazione agli scopi per i quali i dati sono stati raccolti o successivamente trattati;<br \/>\nc) l\u2019attestazione che le operazioni di cui alle lettere a) e b) sono state portate a conoscenza, anche per quanto riguarda il loro contenuto, di coloro ai quali i dati sono stati comunicati o diffusi, eccettuato il caso in cui tale adempimento si rivela impossibile o comporta un impiego di mezzi manifestamente sproporzionato rispetto al diritto tutelato.<\/p>\n<p>L\u2019interessato ha diritto di opporsi, in tutto o in parte:<br \/>\na) per motivi legittimi al trattamento dei dati personali che lo riguardano, ancorch\u00e9 pertinenti allo scopo della raccolta;<br \/>\nb) al trattamento di dati personali che lo riguardano a fini di invio di materiale pubblicitario o di vendita diretta o per il compimento di ricerche di mercato o di comunicazione commerciale. Ove applicabili, avete altres\u00ec i diritti di cui agli artt. 16-21 GDPR (Diritto di rettifica, diritto all\u2019oblio, diritto di limitazione di trattamento, diritto alla portabilit\u00e0 dei dati, diritto di opposizione), nonch\u00e9 il diritto di reclamo all\u2019Autorit\u00e0 Garante.<\/p>\n<p><strong>MODALITA\u2019 DI ESERCIZIO DEI DIRITTI<\/strong><br \/>\nPotrete in qualsiasi momento esercitare i diritti inviando una email a\u00a0privacy@golfmarcosimone.it<\/p>\n<p><strong>MINORI<\/strong><br \/>\nQuesto Sito e i Servizi del Titolare non sono destinati a minori di 18 anni e il Titolare non raccoglie intenzionalmente informazioni personali riferite ai minori. Nel caso in cui informazioni su minori fossero involontariamente registrate, il Titolare le canceller\u00e0 in modo tempestivo, su richiesta degli utenti.<\/p>\n<p><strong>TITOLARE E RESPONSABILI DEL TRATTAMENTO<\/strong><br \/>\nIl Titolare \u00e8 Marco Simone Golf &amp; Country Club Spa. Il Titolare mette a disposizione il seguente indirizzo email per ogni comunicazione: privacy@golfmarcosimone.it. Il Titolare conserva una lista aggiornata dei responsabili nominati, e ne garantisce la presa visione all\u2019interessato presso la sede legale come sopra indicata.<\/p>\n<p><strong>MODIFICHE ALLA PRESENTE INFORMATIVA<\/strong><br \/>\nLa presente Informativa pu\u00f2 subire variazioni. Si consiglia, quindi, di controllare regolarmente questa Informativa e di riferirsi alla versione pi\u00f9 aggiornata.[\/vc_column_text][\/vc_column][vc_column width=&#8221;1\/6&#8243;][\/vc_column][\/vc_row]<\/p>\n","protected":false},"excerpt":{"rendered":"<p>[vc_row unlock_row_content=&#8221;yes&#8221; row_height_percent=&#8221;0&#8243; override_padding=&#8221;yes&#8221; h_padding=&#8221;2&#8243; top_padding=&#8221;2&#8243; bottom_padding=&#8221;2&#8243; overlay_alpha=&#8221;50&#8243; equal_height=&#8221;yes&#8221; gutter_size=&#8221;0&#8243; column_width_percent=&#8221;80&#8243; shift_y=&#8221;0&#8243; z_index=&#8221;0&#8243; type=&#8221;grid&#8221; css=&#8221;.vc_custom_1666946165781{background-color: #ffffff !important;}&#8221;][vc_column width=&#8221;1\/6&#8243;][\/vc_column][vc_column width=&#8221;4\/6&#8243;][vc_column_text]INFORMATIVA PRIVACY [&hellip;]<\/p>\n","protected":false},"author":2,"featured_media":0,"parent":0,"menu_order":0,"comment_status":"closed","ping_status":"closed","template":"","meta":{"_monsterinsights_skip_tracking":false,"_monsterinsights_sitenote_active":false,"_monsterinsights_sitenote_note":"","_monsterinsights_sitenote_category":0,"footnotes":""},"yoast_head":"<!-- This site is optimized with the Yoast SEO plugin v23.1 - https:\/\/yoast.com\/wordpress\/plugins\/seo\/ -->\n<title>Privacy policy - GOLF MARCO SIMONE<\/title>\n<meta name=\"robots\" content=\"index, follow, max-snippet:-1, max-image-preview:large, max-video-preview:-1\" \/>\n<link rel=\"canonical\" href=\"https:\/\/golfmarcosimone.com\/it\/privacy-policy-2\/\" \/>\n<meta property=\"og:locale\" content=\"it_IT\" \/>\n<meta property=\"og:type\" content=\"article\" \/>\n<meta property=\"og:title\" content=\"Privacy policy - GOLF MARCO SIMONE\" \/>\n<meta property=\"og:description\" content=\"[vc_row unlock_row_content=&#8221;yes&#8221; row_height_percent=&#8221;0&#8243; override_padding=&#8221;yes&#8221; h_padding=&#8221;2&#8243; top_padding=&#8221;2&#8243; bottom_padding=&#8221;2&#8243; overlay_alpha=&#8221;50&#8243; equal_height=&#8221;yes&#8221; gutter_size=&#8221;0&#8243; column_width_percent=&#8221;80&#8243; shift_y=&#8221;0&#8243; z_index=&#8221;0&#8243; type=&#8221;grid&#8221; css=&#8221;.vc_custom_1666946165781{background-color: #ffffff !important;}&#8221;][vc_column width=&#8221;1\/6&#8243;][\/vc_column][vc_column width=&#8221;4\/6&#8243;][vc_column_text]INFORMATIVA PRIVACY [&hellip;]\" \/>\n<meta property=\"og:url\" content=\"https:\/\/golfmarcosimone.com\/it\/privacy-policy-2\/\" \/>\n<meta property=\"og:site_name\" content=\"GOLF MARCO SIMONE\" \/>\n<meta property=\"article:publisher\" content=\"https:\/\/www.facebook.com\/golfmarcosimone\/\" \/>\n<meta property=\"article:modified_time\" content=\"2022-10-28T08:38:33+00:00\" \/>\n<meta name=\"twitter:card\" content=\"summary_large_image\" \/>\n<meta name=\"twitter:site\" content=\"@marcosimonegolf\" \/>\n<meta name=\"twitter:label1\" content=\"Tempo di lettura stimato\" \/>\n\t<meta name=\"twitter:data1\" content=\"8 minuti\" \/>\n<script type=\"application\/ld+json\" class=\"yoast-schema-graph\">{\"@context\":\"https:\/\/schema.org\",\"@graph\":[{\"@type\":\"WebPage\",\"@id\":\"https:\/\/golfmarcosimone.com\/it\/privacy-policy-2\/\",\"url\":\"https:\/\/golfmarcosimone.com\/it\/privacy-policy-2\/\",\"name\":\"Privacy policy - GOLF MARCO SIMONE\",\"isPartOf\":{\"@id\":\"https:\/\/golfmarcosimone.com\/#website\"},\"datePublished\":\"2019-10-25T15:08:39+00:00\",\"dateModified\":\"2022-10-28T08:38:33+00:00\",\"breadcrumb\":{\"@id\":\"https:\/\/golfmarcosimone.com\/it\/privacy-policy-2\/#breadcrumb\"},\"inLanguage\":\"it-IT\",\"potentialAction\":[{\"@type\":\"ReadAction\",\"target\":[\"https:\/\/golfmarcosimone.com\/it\/privacy-policy-2\/\"]}]},{\"@type\":\"BreadcrumbList\",\"@id\":\"https:\/\/golfmarcosimone.com\/it\/privacy-policy-2\/#breadcrumb\",\"itemListElement\":[{\"@type\":\"ListItem\",\"position\":1,\"name\":\"Home\",\"item\":\"https:\/\/golfmarcosimone.com\/it\/\"},{\"@type\":\"ListItem\",\"position\":2,\"name\":\"Privacy policy\"}]},{\"@type\":\"WebSite\",\"@id\":\"https:\/\/golfmarcosimone.com\/#website\",\"url\":\"https:\/\/golfmarcosimone.com\/\",\"name\":\"GOLF MARCO SIMONE\",\"description\":\"SEDE DELLA RYDER CUP 2023\",\"publisher\":{\"@id\":\"https:\/\/golfmarcosimone.com\/#organization\"},\"potentialAction\":[{\"@type\":\"SearchAction\",\"target\":{\"@type\":\"EntryPoint\",\"urlTemplate\":\"https:\/\/golfmarcosimone.com\/?s={search_term_string}\"},\"query-input\":\"required name=search_term_string\"}],\"inLanguage\":\"it-IT\"},{\"@type\":\"Organization\",\"@id\":\"https:\/\/golfmarcosimone.com\/#organization\",\"name\":\"Golf Marco Simone\",\"url\":\"https:\/\/golfmarcosimone.com\/\",\"logo\":{\"@type\":\"ImageObject\",\"inLanguage\":\"it-IT\",\"@id\":\"https:\/\/golfmarcosimone.com\/#\/schema\/logo\/image\/\",\"url\":\"https:\/\/golfmarcosimone.com\/wp-content\/uploads\/2019\/05\/logo-big.png\",\"contentUrl\":\"https:\/\/golfmarcosimone.com\/wp-content\/uploads\/2019\/05\/logo-big.png\",\"width\":3000,\"height\":416,\"caption\":\"Golf Marco Simone\"},\"image\":{\"@id\":\"https:\/\/golfmarcosimone.com\/#\/schema\/logo\/image\/\"},\"sameAs\":[\"https:\/\/www.facebook.com\/golfmarcosimone\/\",\"https:\/\/x.com\/marcosimonegolf\",\"https:\/\/www.instagram.com\/marcosimonegolf\/\"]}]}<\/script>\n<!-- \/ Yoast SEO plugin. -->","yoast_head_json":{"title":"Privacy policy - GOLF MARCO SIMONE","robots":{"index":"index","follow":"follow","max-snippet":"max-snippet:-1","max-image-preview":"max-image-preview:large","max-video-preview":"max-video-preview:-1"},"canonical":"https:\/\/golfmarcosimone.com\/it\/privacy-policy-2\/","og_locale":"it_IT","og_type":"article","og_title":"Privacy policy - GOLF MARCO SIMONE","og_description":"[vc_row unlock_row_content=&#8221;yes&#8221; row_height_percent=&#8221;0&#8243; override_padding=&#8221;yes&#8221; h_padding=&#8221;2&#8243; top_padding=&#8221;2&#8243; bottom_padding=&#8221;2&#8243; overlay_alpha=&#8221;50&#8243; equal_height=&#8221;yes&#8221; gutter_size=&#8221;0&#8243; column_width_percent=&#8221;80&#8243; shift_y=&#8221;0&#8243; z_index=&#8221;0&#8243; type=&#8221;grid&#8221; css=&#8221;.vc_custom_1666946165781{background-color: #ffffff !important;}&#8221;][vc_column width=&#8221;1\/6&#8243;][\/vc_column][vc_column width=&#8221;4\/6&#8243;][vc_column_text]INFORMATIVA PRIVACY [&hellip;]","og_url":"https:\/\/golfmarcosimone.com\/it\/privacy-policy-2\/","og_site_name":"GOLF MARCO SIMONE","article_publisher":"https:\/\/www.facebook.com\/golfmarcosimone\/","article_modified_time":"2022-10-28T08:38:33+00:00","twitter_card":"summary_large_image","twitter_site":"@marcosimonegolf","twitter_misc":{"Tempo di lettura stimato":"8 minuti"},"schema":{"@context":"https:\/\/schema.org","@graph":[{"@type":"WebPage","@id":"https:\/\/golfmarcosimone.com\/it\/privacy-policy-2\/","url":"https:\/\/golfmarcosimone.com\/it\/privacy-policy-2\/","name":"Privacy policy - GOLF MARCO SIMONE","isPartOf":{"@id":"https:\/\/golfmarcosimone.com\/#website"},"datePublished":"2019-10-25T15:08:39+00:00","dateModified":"2022-10-28T08:38:33+00:00","breadcrumb":{"@id":"https:\/\/golfmarcosimone.com\/it\/privacy-policy-2\/#breadcrumb"},"inLanguage":"it-IT","potentialAction":[{"@type":"ReadAction","target":["https:\/\/golfmarcosimone.com\/it\/privacy-policy-2\/"]}]},{"@type":"BreadcrumbList","@id":"https:\/\/golfmarcosimone.com\/it\/privacy-policy-2\/#breadcrumb","itemListElement":[{"@type":"ListItem","position":1,"name":"Home","item":"https:\/\/golfmarcosimone.com\/it\/"},{"@type":"ListItem","position":2,"name":"Privacy policy"}]},{"@type":"WebSite","@id":"https:\/\/golfmarcosimone.com\/#website","url":"https:\/\/golfmarcosimone.com\/","name":"GOLF MARCO SIMONE","description":"SEDE DELLA RYDER CUP 2023","publisher":{"@id":"https:\/\/golfmarcosimone.com\/#organization"},"potentialAction":[{"@type":"SearchAction","target":{"@type":"EntryPoint","urlTemplate":"https:\/\/golfmarcosimone.com\/?s={search_term_string}"},"query-input":"required name=search_term_string"}],"inLanguage":"it-IT"},{"@type":"Organization","@id":"https:\/\/golfmarcosimone.com\/#organization","name":"Golf Marco Simone","url":"https:\/\/golfmarcosimone.com\/","logo":{"@type":"ImageObject","inLanguage":"it-IT","@id":"https:\/\/golfmarcosimone.com\/#\/schema\/logo\/image\/","url":"https:\/\/golfmarcosimone.com\/wp-content\/uploads\/2019\/05\/logo-big.png","contentUrl":"https:\/\/golfmarcosimone.com\/wp-content\/uploads\/2019\/05\/logo-big.png","width":3000,"height":416,"caption":"Golf Marco Simone"},"image":{"@id":"https:\/\/golfmarcosimone.com\/#\/schema\/logo\/image\/"},"sameAs":["https:\/\/www.facebook.com\/golfmarcosimone\/","https:\/\/x.com\/marcosimonegolf","https:\/\/www.instagram.com\/marcosimonegolf\/"]}]}},"_links":{"self":[{"href":"https:\/\/golfmarcosimone.com\/it\/wp-json\/wp\/v2\/pages\/2571"}],"collection":[{"href":"https:\/\/golfmarcosimone.com\/it\/wp-json\/wp\/v2\/pages"}],"about":[{"href":"https:\/\/golfmarcosimone.com\/it\/wp-json\/wp\/v2\/types\/page"}],"author":[{"embeddable":true,"href":"https:\/\/golfmarcosimone.com\/it\/wp-json\/wp\/v2\/users\/2"}],"replies":[{"embeddable":true,"href":"https:\/\/golfmarcosimone.com\/it\/wp-json\/wp\/v2\/comments?post=2571"}],"version-history":[{"count":5,"href":"https:\/\/golfmarcosimone.com\/it\/wp-json\/wp\/v2\/pages\/2571\/revisions"}],"predecessor-version":[{"id":7167,"href":"https:\/\/golfmarcosimone.com\/it\/wp-json\/wp\/v2\/pages\/2571\/revisions\/7167"}],"wp:attachment":[{"href":"https:\/\/golfmarcosimone.com\/it\/wp-json\/wp\/v2\/media?parent=2571"}],"curies":[{"name":"wp","href":"https:\/\/api.w.org\/{rel}","templated":true}]}}