{"id":5968,"date":"2022-07-14T17:38:15","date_gmt":"2022-07-14T15:38:15","guid":{"rendered":"https:\/\/golfmarcosimone.com\/cookie-policy\/"},"modified":"2022-07-14T17:39:30","modified_gmt":"2022-07-14T15:39:30","slug":"cookie-policy","status":"publish","type":"page","link":"https:\/\/golfmarcosimone.com\/it\/cookie-policy\/","title":{"rendered":"Cookie Policy"},"content":{"rendered":"<p>[vc_row][vc_column width=&#8221;1\/1&#8243;][vc_column_text]<\/p>\n<h2>Cookie Policy<\/h2>\n<p>In questa sezione sono contenute le informazioni relative alle modalit\u00e0 di gestione dei cookie da parte del sito xclima.com in riferimento al trattamento dei dati dei propri utenti.<\/p>\n<p>Il titolare del trattamento dei dati \u00e8 il proprietario del sito, ossia Marco Simone Golf &amp; Country Club spa Via di Marco Simone 84\/88 \u2013 00012 GUIDONIA (ROMA) Email: info@golfmarcosimone.com PEC: ssgolfmarcosimone@pec.laurabiagiotti.it P.IVA \/ C.F.: IT04172931000<\/p>\n<h3>1) Cosa sono i Cookie?<\/h3>\n<p>I cookie sono stringhe di testo che i siti web visitati dagli utenti (cd. Publisher, o \u201cprime parti\u201d) ovvero siti o web server diversi (cd. \u201cterze parti\u201d) posizionano ed archiviano all\u2019interno del dispositivo terminale dell\u2019utente medesimo, perch\u00e9 siano poi ritrasmessi agli stessi siti alla visita successiva. Ogni cookie contiene diversi dati (ad es., il nome del server da cui proviene, un identificatore numerico, ecc.), pu\u00f2 rimanere nel sistema per la durata di una sessione (sino alla chiusura del browser) o per periodi pi\u00f9 lunghi e pu\u00f2 contenere un codice identificativo unico.<\/p>\n<h3>2) Per che cosa si usano i Cookie?<\/h3>\n<p>I cookie sono utilizzati per diverse finalit\u00e0 a seconda della loro tipologia. Alcuni sono strettamente necessari per la corretta funzionalit\u00e0 di un sito web (cookie tecnici), altri ne ottimizzano le prestazioni per offrire una migliore esperienza all\u2019utente, altri ancora consentono di acquisire statistiche anonime sull\u2019utilizzo del sito (come i cookie analitici), mentre altri consentono di visualizzare pubblicit\u00e0 personalizzata (come i cookie di profilazione).<\/p>\n<h3>3) Che tipi di Cookie usiamo?<\/h3>\n<p>Questo sito utilizza esclusivamente cookie di natura tecnica e ad essi assimilati, per cui non \u00e8 necessario chiedere il consenso degli interessati. Nello specifico, si tratta di:<\/p>\n<p>a) cookies tecnici in senso stretto. Essi servono a effettuare la navigazione o a fornire un servizio richiesto dall\u2019utente. In tal senso, il trattamento che viene effettuato \u00e8 solamente quello necessario a consentire agli utenti di utilizzare le funzionalit\u00e0 offerte dal sito. I dati servono pertanto per assicurare l\u2019accesso autenticato tramite login, la fruizione dei corsi e l\u2019accreditamento conseguito attraverso la frequenza.<br \/>\nb) cookies analitici. Servono alla produzione di statistiche aggregate e vengono utilizzati in relazione al singolo sito utilizzato. La raccolta dei dati \u00e8 organizzata in modo tale da non consentire l\u2019individuazione del singolo interessato. Il servizio \u00e8 fornito da una terza parte (Google Analytics).<\/p>\n<h3>4) Come trattiamo i dati e per quanto tempo li conserviamo?<\/h3>\n<p>I dati raccolti vengono trattati esclusivamente per le finalit\u00e0 sopra descritte, nel rispetto del principio di minimizzazione sancito dal GDPR.<\/p>\n<p>I dati personali sono registrati e custoditi su database elettronici situati in Italia, in Paesi UE e in Paesi terzi che garantiscono un adeguato livello di protezione dei dati. Nel caso di conservazione affidata a soggetti diversi dal Titolare del trattamento, questi vengono incaricati in veste di Responsabile del trattamento e, come tali, ricevono le istruzioni adeguate per assicurare il rispetto della sicurezza dei dati.<\/p>\n<p>La durata di conservazione \u00e8 di 1 mese per i cookies sub a) e di 6 mesi per quelli sub b).<\/p>\n<h3>5) Diritti dell\u2019interessato<\/h3>\n<p>Relativamente al trattamento dei dati, al ricorrere dei presupposti, l\u2019interessato pu\u00f2 esercitare i diritti previsti dalla normativa vigente. In particolare:<\/p>\n<p>a) accedere ai propri dati personali in possesso del Titolare del trattamento;<br \/>\nb) ottenere la rettifica, l\u2019aggiornamento, l\u2019integrazione e la cancellazione dei propri dati personali;<br \/>\nc) ottenere la limitazione del trattamento;<br \/>\nd) opporsi al trattamento;<br \/>\ne) ottenere la portabilit\u00e0 dei dati;<br \/>\nf) proporre reclamo all\u2019autorit\u00e0 di controllo (Garante per la protezione dei dati personali \u2013 Garante Privacy).<\/p>\n<p>Per l\u2019esercizio di questi diritti, l\u2019interessato si pu\u00f2 rivolgere alla seguente mail: info@golfmarcosimone.com<\/p>\n<p>L\u2019eventuale risoluzione contrattuale o comunque l\u2019eventuale rifiuto opposto dall\u2019interessato alla prosecuzione del trattamento non pregiudica la liceit\u00e0 del trattamento precedentemente effettuato in virt\u00f9 della base giuridica sopra indicata.<\/p>\n<h3>6) Blocco dei cookies e ulteriori informazioni<\/h3>\n<p>Ricordiamo all\u2019utente che \u00e8 possibile gestire e disattivare i cookie direttamente dalle impostazioni del browser utilizzato (Chrome, Mozilla Firefox ecc.). Maggiori informazioni in merito alla procedura da seguire potranno essere trovate sul sito Internet del fornitore del browser. \u00c8 importante sapere che la disattivazione dei cookies tecnici potrebbe compromettere il funzionamento del sito.<\/p>\n<p>Si segnala un servizio totalmente gratuito disponibile sul sito http:\/\/www.youronlinechoices.com\/it\/ con il quale \u00e8 possibile non solo acquisire ulteriori informazioni sui cookie, ma anche verificare l\u2019installazione di numerosi cookie sul proprio browser\/dispositivo e, ove supportato, anche di disabilitarli.[\/vc_column_text][\/vc_column][\/vc_row]<\/p>\n","protected":false},"excerpt":{"rendered":"<p>[vc_row][vc_column width=&#8221;1\/1&#8243;][vc_column_text] Cookie Policy In questa sezione sono contenute le informazioni relative alle modalit\u00e0 di gestione dei cookie da parte [&hellip;]<\/p>\n","protected":false},"author":2,"featured_media":0,"parent":0,"menu_order":0,"comment_status":"closed","ping_status":"closed","template":"","meta":{"_monsterinsights_skip_tracking":false,"_monsterinsights_sitenote_active":false,"_monsterinsights_sitenote_note":"","_monsterinsights_sitenote_category":0,"footnotes":""},"yoast_head":"<!-- This site is optimized with the Yoast SEO plugin v23.1 - https:\/\/yoast.com\/wordpress\/plugins\/seo\/ -->\n<title>Cookie Policy - GOLF MARCO SIMONE<\/title>\n<meta name=\"robots\" content=\"index, follow, max-snippet:-1, max-image-preview:large, max-video-preview:-1\" \/>\n<link rel=\"canonical\" href=\"https:\/\/golfmarcosimone.com\/cookie-policy\/\" \/>\n<meta property=\"og:locale\" content=\"it_IT\" \/>\n<meta property=\"og:type\" content=\"article\" \/>\n<meta property=\"og:title\" content=\"Cookie Policy - GOLF MARCO SIMONE\" \/>\n<meta property=\"og:description\" content=\"[vc_row][vc_column width=&#8221;1\/1&#8243;][vc_column_text] Cookie Policy In questa sezione sono contenute le informazioni relative alle modalit\u00e0 di gestione dei cookie da parte [&hellip;]\" \/>\n<meta property=\"og:url\" content=\"https:\/\/golfmarcosimone.com\/cookie-policy\/\" \/>\n<meta property=\"og:site_name\" content=\"GOLF MARCO SIMONE\" \/>\n<meta property=\"article:publisher\" content=\"https:\/\/www.facebook.com\/golfmarcosimone\/\" \/>\n<meta property=\"article:modified_time\" content=\"2022-07-14T15:39:30+00:00\" \/>\n<meta name=\"twitter:card\" content=\"summary_large_image\" \/>\n<meta name=\"twitter:site\" content=\"@marcosimonegolf\" \/>\n<meta name=\"twitter:label1\" content=\"Tempo di lettura stimato\" \/>\n\t<meta name=\"twitter:data1\" content=\"4 minuti\" \/>\n<script type=\"application\/ld+json\" class=\"yoast-schema-graph\">{\"@context\":\"https:\/\/schema.org\",\"@graph\":[{\"@type\":\"WebPage\",\"@id\":\"https:\/\/golfmarcosimone.com\/cookie-policy\/\",\"url\":\"https:\/\/golfmarcosimone.com\/cookie-policy\/\",\"name\":\"Cookie Policy - GOLF MARCO SIMONE\",\"isPartOf\":{\"@id\":\"https:\/\/golfmarcosimone.com\/#website\"},\"datePublished\":\"2022-07-14T15:38:15+00:00\",\"dateModified\":\"2022-07-14T15:39:30+00:00\",\"breadcrumb\":{\"@id\":\"https:\/\/golfmarcosimone.com\/cookie-policy\/#breadcrumb\"},\"inLanguage\":\"it-IT\",\"potentialAction\":[{\"@type\":\"ReadAction\",\"target\":[\"https:\/\/golfmarcosimone.com\/cookie-policy\/\"]}]},{\"@type\":\"BreadcrumbList\",\"@id\":\"https:\/\/golfmarcosimone.com\/cookie-policy\/#breadcrumb\",\"itemListElement\":[{\"@type\":\"ListItem\",\"position\":1,\"name\":\"Home\",\"item\":\"https:\/\/golfmarcosimone.com\/it\/\"},{\"@type\":\"ListItem\",\"position\":2,\"name\":\"Cookie Policy\"}]},{\"@type\":\"WebSite\",\"@id\":\"https:\/\/golfmarcosimone.com\/#website\",\"url\":\"https:\/\/golfmarcosimone.com\/\",\"name\":\"GOLF MARCO SIMONE\",\"description\":\"SEDE DELLA RYDER CUP 2023\",\"publisher\":{\"@id\":\"https:\/\/golfmarcosimone.com\/#organization\"},\"potentialAction\":[{\"@type\":\"SearchAction\",\"target\":{\"@type\":\"EntryPoint\",\"urlTemplate\":\"https:\/\/golfmarcosimone.com\/?s={search_term_string}\"},\"query-input\":\"required name=search_term_string\"}],\"inLanguage\":\"it-IT\"},{\"@type\":\"Organization\",\"@id\":\"https:\/\/golfmarcosimone.com\/#organization\",\"name\":\"Golf Marco Simone\",\"url\":\"https:\/\/golfmarcosimone.com\/\",\"logo\":{\"@type\":\"ImageObject\",\"inLanguage\":\"it-IT\",\"@id\":\"https:\/\/golfmarcosimone.com\/#\/schema\/logo\/image\/\",\"url\":\"https:\/\/golfmarcosimone.com\/wp-content\/uploads\/2019\/05\/logo-big.png\",\"contentUrl\":\"https:\/\/golfmarcosimone.com\/wp-content\/uploads\/2019\/05\/logo-big.png\",\"width\":3000,\"height\":416,\"caption\":\"Golf Marco Simone\"},\"image\":{\"@id\":\"https:\/\/golfmarcosimone.com\/#\/schema\/logo\/image\/\"},\"sameAs\":[\"https:\/\/www.facebook.com\/golfmarcosimone\/\",\"https:\/\/x.com\/marcosimonegolf\",\"https:\/\/www.instagram.com\/marcosimonegolf\/\"]}]}<\/script>\n<!-- \/ Yoast SEO plugin. -->","yoast_head_json":{"title":"Cookie Policy - GOLF MARCO SIMONE","robots":{"index":"index","follow":"follow","max-snippet":"max-snippet:-1","max-image-preview":"max-image-preview:large","max-video-preview":"max-video-preview:-1"},"canonical":"https:\/\/golfmarcosimone.com\/cookie-policy\/","og_locale":"it_IT","og_type":"article","og_title":"Cookie Policy - GOLF MARCO SIMONE","og_description":"[vc_row][vc_column width=&#8221;1\/1&#8243;][vc_column_text] Cookie Policy In questa sezione sono contenute le informazioni relative alle modalit\u00e0 di gestione dei cookie da parte [&hellip;]","og_url":"https:\/\/golfmarcosimone.com\/cookie-policy\/","og_site_name":"GOLF MARCO SIMONE","article_publisher":"https:\/\/www.facebook.com\/golfmarcosimone\/","article_modified_time":"2022-07-14T15:39:30+00:00","twitter_card":"summary_large_image","twitter_site":"@marcosimonegolf","twitter_misc":{"Tempo di lettura stimato":"4 minuti"},"schema":{"@context":"https:\/\/schema.org","@graph":[{"@type":"WebPage","@id":"https:\/\/golfmarcosimone.com\/cookie-policy\/","url":"https:\/\/golfmarcosimone.com\/cookie-policy\/","name":"Cookie Policy - GOLF MARCO SIMONE","isPartOf":{"@id":"https:\/\/golfmarcosimone.com\/#website"},"datePublished":"2022-07-14T15:38:15+00:00","dateModified":"2022-07-14T15:39:30+00:00","breadcrumb":{"@id":"https:\/\/golfmarcosimone.com\/cookie-policy\/#breadcrumb"},"inLanguage":"it-IT","potentialAction":[{"@type":"ReadAction","target":["https:\/\/golfmarcosimone.com\/cookie-policy\/"]}]},{"@type":"BreadcrumbList","@id":"https:\/\/golfmarcosimone.com\/cookie-policy\/#breadcrumb","itemListElement":[{"@type":"ListItem","position":1,"name":"Home","item":"https:\/\/golfmarcosimone.com\/it\/"},{"@type":"ListItem","position":2,"name":"Cookie Policy"}]},{"@type":"WebSite","@id":"https:\/\/golfmarcosimone.com\/#website","url":"https:\/\/golfmarcosimone.com\/","name":"GOLF MARCO SIMONE","description":"SEDE DELLA RYDER CUP 2023","publisher":{"@id":"https:\/\/golfmarcosimone.com\/#organization"},"potentialAction":[{"@type":"SearchAction","target":{"@type":"EntryPoint","urlTemplate":"https:\/\/golfmarcosimone.com\/?s={search_term_string}"},"query-input":"required name=search_term_string"}],"inLanguage":"it-IT"},{"@type":"Organization","@id":"https:\/\/golfmarcosimone.com\/#organization","name":"Golf Marco Simone","url":"https:\/\/golfmarcosimone.com\/","logo":{"@type":"ImageObject","inLanguage":"it-IT","@id":"https:\/\/golfmarcosimone.com\/#\/schema\/logo\/image\/","url":"https:\/\/golfmarcosimone.com\/wp-content\/uploads\/2019\/05\/logo-big.png","contentUrl":"https:\/\/golfmarcosimone.com\/wp-content\/uploads\/2019\/05\/logo-big.png","width":3000,"height":416,"caption":"Golf Marco Simone"},"image":{"@id":"https:\/\/golfmarcosimone.com\/#\/schema\/logo\/image\/"},"sameAs":["https:\/\/www.facebook.com\/golfmarcosimone\/","https:\/\/x.com\/marcosimonegolf","https:\/\/www.instagram.com\/marcosimonegolf\/"]}]}},"_links":{"self":[{"href":"https:\/\/golfmarcosimone.com\/it\/wp-json\/wp\/v2\/pages\/5968"}],"collection":[{"href":"https:\/\/golfmarcosimone.com\/it\/wp-json\/wp\/v2\/pages"}],"about":[{"href":"https:\/\/golfmarcosimone.com\/it\/wp-json\/wp\/v2\/types\/page"}],"author":[{"embeddable":true,"href":"https:\/\/golfmarcosimone.com\/it\/wp-json\/wp\/v2\/users\/2"}],"replies":[{"embeddable":true,"href":"https:\/\/golfmarcosimone.com\/it\/wp-json\/wp\/v2\/comments?post=5968"}],"version-history":[{"count":2,"href":"https:\/\/golfmarcosimone.com\/it\/wp-json\/wp\/v2\/pages\/5968\/revisions"}],"predecessor-version":[{"id":5974,"href":"https:\/\/golfmarcosimone.com\/it\/wp-json\/wp\/v2\/pages\/5968\/revisions\/5974"}],"wp:attachment":[{"href":"https:\/\/golfmarcosimone.com\/it\/wp-json\/wp\/v2\/media?parent=5968"}],"curies":[{"name":"wp","href":"https:\/\/api.w.org\/{rel}","templated":true}]}}