{"id":695,"date":"2019-06-25T15:08:27","date_gmt":"2019-06-25T13:08:27","guid":{"rendered":"https:\/\/golfmarcosimone.com\/?page_id=695"},"modified":"2023-06-09T12:48:00","modified_gmt":"2023-06-09T10:48:00","slug":"la-ryder-cup","status":"publish","type":"page","link":"https:\/\/golfmarcosimone.com\/it\/la-ryder-cup\/","title":{"rendered":"La Ryder Cup"},"content":{"rendered":"<p>[vc_row unlock_row_content=&#8221;yes&#8221; row_height_percent=&#8221;0&#8243; override_padding=&#8221;yes&#8221; h_padding=&#8221;0&#8243; top_padding=&#8221;0&#8243; bottom_padding=&#8221;0&#8243; overlay_alpha=&#8221;50&#8243; equal_height=&#8221;yes&#8221; gutter_size=&#8221;0&#8243; column_width_percent=&#8221;100&#8243; shift_y=&#8221;0&#8243; z_index=&#8221;0&#8243; type=&#8221;grid&#8221; css=&#8221;.vc_custom_1559031133736{background-color: #ffffff !important;}&#8221;][vc_column column_width_percent=&#8221;100&#8243; gutter_size=&#8221;3&#8243; back_image=&#8221;713&#8243; back_repeat=&#8221;no-repeat&#8221; back_position=&#8221;center center&#8221; overlay_alpha=&#8221;50&#8243; shift_x=&#8221;0&#8243; shift_y=&#8221;0&#8243; shift_y_down=&#8221;0&#8243; z_index=&#8221;0&#8243; medium_width=&#8221;0&#8243; mobile_width=&#8221;0&#8243; width=&#8221;1\/2&#8243;][vc_single_image media=&#8221;713&#8243; media_width_percent=&#8221;100&#8243; media_ratio=&#8221;four-three&#8221; alignment=&#8221;center&#8221;][\/vc_column][vc_column column_width_percent=&#8221;100&#8243; position_horizontal=&#8221;left&#8221; position_vertical=&#8221;middle&#8221; gutter_size=&#8221;3&#8243; override_padding=&#8221;yes&#8221; column_padding=&#8221;4&#8243; overlay_alpha=&#8221;50&#8243; shift_x=&#8221;0&#8243; shift_y=&#8221;0&#8243; shift_y_down=&#8221;0&#8243; z_index=&#8221;0&#8243; medium_width=&#8221;0&#8243; mobile_width=&#8221;0&#8243; width=&#8221;1\/2&#8243;][vc_custom_heading subheading=&#8221;La Ryder Cup \u00e8 la pi\u00f9 importante manifestazione internazionale di golf. Giocata negli Stati Uniti per la prima volta nel 1927, prende il nome dall\u2019 uomo di affari inglese Samuel Ryder, che fece dono del trofeo.<\/p>\n<p>Il torneo non prevede montepremi: in palio c\u2019\u00e8 la coppa e l\u2019onore della vittoria.<\/p>\n<p>La Ryder Cup mette di fronte Stati Uniti ed Europa ed \u00e8 l\u2019unica manifestazione sportiva nella quale il Vecchio Continente gareggia come squadra. Si gioca ogni due anni alternativamente in una citt\u00e0 europea o americana.<br \/>\nIl 14 dicembre 2015 l\u2019Italia si \u00e8 aggiudicata il diritto di ospitare la Ryder Cup 2023. La gara si svolger\u00e0 a Roma e la sede ufficiale di gioco sar\u00e0 il Marco Simone Golf &amp; Country Club: sar\u00e0 la terza volta che la pi\u00f9 prestigiosa competizione di golf si giocher\u00e0 al di fuori della Gran Bretagna (dopo l\u2019edizione ospitata dalla Spagna nel 1997 e dalla Francia nel 2018).&#8221;]LA RYDER CUP[\/vc_custom_heading][\/vc_column][\/vc_row][vc_row unlock_row_content=&#8221;yes&#8221; row_height_percent=&#8221;0&#8243; override_padding=&#8221;yes&#8221; h_padding=&#8221;0&#8243; top_padding=&#8221;0&#8243; bottom_padding=&#8221;0&#8243; overlay_alpha=&#8221;50&#8243; equal_height=&#8221;yes&#8221; gutter_size=&#8221;0&#8243; column_width_percent=&#8221;100&#8243; shift_y=&#8221;0&#8243; z_index=&#8221;0&#8243; type=&#8221;grid&#8221; css=&#8221;.vc_custom_1559031133736{background-color: #ffffff !important;}&#8221;][vc_column column_width_percent=&#8221;100&#8243; position_horizontal=&#8221;right&#8221; position_vertical=&#8221;middle&#8221; align_horizontal=&#8221;align_right&#8221; gutter_size=&#8221;3&#8243; override_padding=&#8221;yes&#8221; column_padding=&#8221;4&#8243; overlay_alpha=&#8221;50&#8243; shift_x=&#8221;0&#8243; shift_y=&#8221;0&#8243; shift_y_down=&#8221;0&#8243; z_index=&#8221;0&#8243; align_medium=&#8221;align_left_tablet&#8221; medium_width=&#8221;0&#8243; align_mobile=&#8221;align_left_mobile&#8221; mobile_width=&#8221;0&#8243; width=&#8221;1\/2&#8243;][vc_custom_heading subheading=&#8221;La Ryder Cup si svolge su sei giornate complessive, di cui tre di pratica e tre di gara, durante le quali i migliori 12 golfisti europei e i top 12 americani si contendono il prestigioso trofeo.<\/p>\n<p>La diffusione capillare del golf nel mondo e la presenza in campo dei pi\u00f9 forti golfisti continentali fanno della Ryder Cup un appuntamento unico.<\/p>\n<p>L\u2019ultima edizione della Ryder Cup giocata in Francia nel 2018, con oltre 270.000 spettatori a Le Golf National, ha raggiunto oltre 600 milioni di abitazioni con pi\u00f9 di 160 Paesi collegati in diretta televisiva. La Ryder Cup si conferma cos\u00ec lo strumento ideale per promuovere uno sport che pu\u00f2 vantare 65 milioni di giocatori nel mondo che lo rendono la disciplina individuale pi\u00f9 praticata.&#8221;][\/vc_custom_heading][\/vc_column][vc_column column_width_percent=&#8221;100&#8243; gutter_size=&#8221;3&#8243; back_image=&#8221;715&#8243; back_repeat=&#8221;no-repeat&#8221; back_position=&#8221;center center&#8221; overlay_alpha=&#8221;50&#8243; shift_x=&#8221;0&#8243; shift_y=&#8221;0&#8243; shift_y_down=&#8221;0&#8243; z_index=&#8221;0&#8243; medium_width=&#8221;0&#8243; mobile_width=&#8221;0&#8243; width=&#8221;1\/2&#8243; el_class=&#8221;primo&#8221;][vc_single_image media=&#8221;10306&#8243; media_width_percent=&#8221;100&#8243; media_ratio=&#8221;four-three&#8221; alignment=&#8221;center&#8221; uncode_shortcode_id=&#8221;152760&#8243;][\/vc_column][\/vc_row]<\/p>\n","protected":false},"excerpt":{"rendered":"<p>[vc_row unlock_row_content=&#8221;yes&#8221; row_height_percent=&#8221;0&#8243; override_padding=&#8221;yes&#8221; h_padding=&#8221;0&#8243; top_padding=&#8221;0&#8243; bottom_padding=&#8221;0&#8243; overlay_alpha=&#8221;50&#8243; equal_height=&#8221;yes&#8221; gutter_size=&#8221;0&#8243; column_width_percent=&#8221;100&#8243; shift_y=&#8221;0&#8243; z_index=&#8221;0&#8243; type=&#8221;grid&#8221; css=&#8221;.vc_custom_1559031133736{background-color: #ffffff !important;}&#8221;][vc_column column_width_percent=&#8221;100&#8243; gutter_size=&#8221;3&#8243; back_image=&#8221;713&#8243; [&hellip;]<\/p>\n","protected":false},"author":2,"featured_media":0,"parent":0,"menu_order":0,"comment_status":"closed","ping_status":"closed","template":"","meta":{"_monsterinsights_skip_tracking":false,"_monsterinsights_sitenote_active":false,"_monsterinsights_sitenote_note":"","_monsterinsights_sitenote_category":0,"footnotes":""},"yoast_head":"<!-- This site is optimized with the Yoast SEO plugin v23.1 - https:\/\/yoast.com\/wordpress\/plugins\/seo\/ -->\n<title>La Ryder Cup - GOLF MARCO SIMONE<\/title>\n<meta name=\"robots\" content=\"index, follow, max-snippet:-1, max-image-preview:large, max-video-preview:-1\" \/>\n<link rel=\"canonical\" href=\"https:\/\/golfmarcosimone.com\/the-ryder-cup\/\" \/>\n<meta property=\"og:locale\" content=\"it_IT\" \/>\n<meta property=\"og:type\" content=\"article\" \/>\n<meta property=\"og:title\" content=\"La Ryder Cup - GOLF MARCO SIMONE\" \/>\n<meta property=\"og:description\" content=\"[vc_row unlock_row_content=&#8221;yes&#8221; row_height_percent=&#8221;0&#8243; override_padding=&#8221;yes&#8221; h_padding=&#8221;0&#8243; top_padding=&#8221;0&#8243; bottom_padding=&#8221;0&#8243; overlay_alpha=&#8221;50&#8243; equal_height=&#8221;yes&#8221; gutter_size=&#8221;0&#8243; column_width_percent=&#8221;100&#8243; shift_y=&#8221;0&#8243; z_index=&#8221;0&#8243; type=&#8221;grid&#8221; css=&#8221;.vc_custom_1559031133736{background-color: #ffffff !important;}&#8221;][vc_column column_width_percent=&#8221;100&#8243; gutter_size=&#8221;3&#8243; back_image=&#8221;713&#8243; [&hellip;]\" \/>\n<meta property=\"og:url\" content=\"https:\/\/golfmarcosimone.com\/the-ryder-cup\/\" \/>\n<meta property=\"og:site_name\" content=\"GOLF MARCO SIMONE\" \/>\n<meta property=\"article:publisher\" content=\"https:\/\/www.facebook.com\/golfmarcosimone\/\" \/>\n<meta property=\"article:modified_time\" content=\"2023-06-09T10:48:00+00:00\" \/>\n<meta name=\"twitter:card\" content=\"summary_large_image\" \/>\n<meta name=\"twitter:site\" content=\"@marcosimonegolf\" \/>\n<meta name=\"twitter:label1\" content=\"Tempo di lettura stimato\" \/>\n\t<meta name=\"twitter:data1\" content=\"2 minuti\" \/>\n<script type=\"application\/ld+json\" class=\"yoast-schema-graph\">{\"@context\":\"https:\/\/schema.org\",\"@graph\":[{\"@type\":\"WebPage\",\"@id\":\"https:\/\/golfmarcosimone.com\/the-ryder-cup\/\",\"url\":\"https:\/\/golfmarcosimone.com\/the-ryder-cup\/\",\"name\":\"La Ryder Cup - GOLF MARCO SIMONE\",\"isPartOf\":{\"@id\":\"https:\/\/golfmarcosimone.com\/#website\"},\"datePublished\":\"2019-06-25T13:08:27+00:00\",\"dateModified\":\"2023-06-09T10:48:00+00:00\",\"breadcrumb\":{\"@id\":\"https:\/\/golfmarcosimone.com\/the-ryder-cup\/#breadcrumb\"},\"inLanguage\":\"it-IT\",\"potentialAction\":[{\"@type\":\"ReadAction\",\"target\":[\"https:\/\/golfmarcosimone.com\/the-ryder-cup\/\"]}]},{\"@type\":\"BreadcrumbList\",\"@id\":\"https:\/\/golfmarcosimone.com\/the-ryder-cup\/#breadcrumb\",\"itemListElement\":[{\"@type\":\"ListItem\",\"position\":1,\"name\":\"Home\",\"item\":\"https:\/\/golfmarcosimone.com\/it\/\"},{\"@type\":\"ListItem\",\"position\":2,\"name\":\"La Ryder Cup\"}]},{\"@type\":\"WebSite\",\"@id\":\"https:\/\/golfmarcosimone.com\/#website\",\"url\":\"https:\/\/golfmarcosimone.com\/\",\"name\":\"GOLF MARCO SIMONE\",\"description\":\"SEDE DELLA RYDER CUP 2023\",\"publisher\":{\"@id\":\"https:\/\/golfmarcosimone.com\/#organization\"},\"potentialAction\":[{\"@type\":\"SearchAction\",\"target\":{\"@type\":\"EntryPoint\",\"urlTemplate\":\"https:\/\/golfmarcosimone.com\/?s={search_term_string}\"},\"query-input\":\"required name=search_term_string\"}],\"inLanguage\":\"it-IT\"},{\"@type\":\"Organization\",\"@id\":\"https:\/\/golfmarcosimone.com\/#organization\",\"name\":\"Golf Marco Simone\",\"url\":\"https:\/\/golfmarcosimone.com\/\",\"logo\":{\"@type\":\"ImageObject\",\"inLanguage\":\"it-IT\",\"@id\":\"https:\/\/golfmarcosimone.com\/#\/schema\/logo\/image\/\",\"url\":\"https:\/\/golfmarcosimone.com\/wp-content\/uploads\/2019\/05\/logo-big.png\",\"contentUrl\":\"https:\/\/golfmarcosimone.com\/wp-content\/uploads\/2019\/05\/logo-big.png\",\"width\":3000,\"height\":416,\"caption\":\"Golf Marco Simone\"},\"image\":{\"@id\":\"https:\/\/golfmarcosimone.com\/#\/schema\/logo\/image\/\"},\"sameAs\":[\"https:\/\/www.facebook.com\/golfmarcosimone\/\",\"https:\/\/x.com\/marcosimonegolf\",\"https:\/\/www.instagram.com\/marcosimonegolf\/\"]}]}<\/script>\n<!-- \/ Yoast SEO plugin. -->","yoast_head_json":{"title":"La Ryder Cup - GOLF MARCO SIMONE","robots":{"index":"index","follow":"follow","max-snippet":"max-snippet:-1","max-image-preview":"max-image-preview:large","max-video-preview":"max-video-preview:-1"},"canonical":"https:\/\/golfmarcosimone.com\/the-ryder-cup\/","og_locale":"it_IT","og_type":"article","og_title":"La Ryder Cup - GOLF MARCO SIMONE","og_description":"[vc_row unlock_row_content=&#8221;yes&#8221; row_height_percent=&#8221;0&#8243; override_padding=&#8221;yes&#8221; h_padding=&#8221;0&#8243; top_padding=&#8221;0&#8243; bottom_padding=&#8221;0&#8243; overlay_alpha=&#8221;50&#8243; equal_height=&#8221;yes&#8221; gutter_size=&#8221;0&#8243; column_width_percent=&#8221;100&#8243; shift_y=&#8221;0&#8243; z_index=&#8221;0&#8243; type=&#8221;grid&#8221; css=&#8221;.vc_custom_1559031133736{background-color: #ffffff !important;}&#8221;][vc_column column_width_percent=&#8221;100&#8243; gutter_size=&#8221;3&#8243; back_image=&#8221;713&#8243; [&hellip;]","og_url":"https:\/\/golfmarcosimone.com\/the-ryder-cup\/","og_site_name":"GOLF MARCO SIMONE","article_publisher":"https:\/\/www.facebook.com\/golfmarcosimone\/","article_modified_time":"2023-06-09T10:48:00+00:00","twitter_card":"summary_large_image","twitter_site":"@marcosimonegolf","twitter_misc":{"Tempo di lettura stimato":"2 minuti"},"schema":{"@context":"https:\/\/schema.org","@graph":[{"@type":"WebPage","@id":"https:\/\/golfmarcosimone.com\/the-ryder-cup\/","url":"https:\/\/golfmarcosimone.com\/the-ryder-cup\/","name":"La Ryder Cup - GOLF MARCO SIMONE","isPartOf":{"@id":"https:\/\/golfmarcosimone.com\/#website"},"datePublished":"2019-06-25T13:08:27+00:00","dateModified":"2023-06-09T10:48:00+00:00","breadcrumb":{"@id":"https:\/\/golfmarcosimone.com\/the-ryder-cup\/#breadcrumb"},"inLanguage":"it-IT","potentialAction":[{"@type":"ReadAction","target":["https:\/\/golfmarcosimone.com\/the-ryder-cup\/"]}]},{"@type":"BreadcrumbList","@id":"https:\/\/golfmarcosimone.com\/the-ryder-cup\/#breadcrumb","itemListElement":[{"@type":"ListItem","position":1,"name":"Home","item":"https:\/\/golfmarcosimone.com\/it\/"},{"@type":"ListItem","position":2,"name":"La Ryder Cup"}]},{"@type":"WebSite","@id":"https:\/\/golfmarcosimone.com\/#website","url":"https:\/\/golfmarcosimone.com\/","name":"GOLF MARCO SIMONE","description":"SEDE DELLA RYDER CUP 2023","publisher":{"@id":"https:\/\/golfmarcosimone.com\/#organization"},"potentialAction":[{"@type":"SearchAction","target":{"@type":"EntryPoint","urlTemplate":"https:\/\/golfmarcosimone.com\/?s={search_term_string}"},"query-input":"required name=search_term_string"}],"inLanguage":"it-IT"},{"@type":"Organization","@id":"https:\/\/golfmarcosimone.com\/#organization","name":"Golf Marco Simone","url":"https:\/\/golfmarcosimone.com\/","logo":{"@type":"ImageObject","inLanguage":"it-IT","@id":"https:\/\/golfmarcosimone.com\/#\/schema\/logo\/image\/","url":"https:\/\/golfmarcosimone.com\/wp-content\/uploads\/2019\/05\/logo-big.png","contentUrl":"https:\/\/golfmarcosimone.com\/wp-content\/uploads\/2019\/05\/logo-big.png","width":3000,"height":416,"caption":"Golf Marco Simone"},"image":{"@id":"https:\/\/golfmarcosimone.com\/#\/schema\/logo\/image\/"},"sameAs":["https:\/\/www.facebook.com\/golfmarcosimone\/","https:\/\/x.com\/marcosimonegolf","https:\/\/www.instagram.com\/marcosimonegolf\/"]}]}},"_links":{"self":[{"href":"https:\/\/golfmarcosimone.com\/it\/wp-json\/wp\/v2\/pages\/695"}],"collection":[{"href":"https:\/\/golfmarcosimone.com\/it\/wp-json\/wp\/v2\/pages"}],"about":[{"href":"https:\/\/golfmarcosimone.com\/it\/wp-json\/wp\/v2\/types\/page"}],"author":[{"embeddable":true,"href":"https:\/\/golfmarcosimone.com\/it\/wp-json\/wp\/v2\/users\/2"}],"replies":[{"embeddable":true,"href":"https:\/\/golfmarcosimone.com\/it\/wp-json\/wp\/v2\/comments?post=695"}],"version-history":[{"count":10,"href":"https:\/\/golfmarcosimone.com\/it\/wp-json\/wp\/v2\/pages\/695\/revisions"}],"predecessor-version":[{"id":2717,"href":"https:\/\/golfmarcosimone.com\/it\/wp-json\/wp\/v2\/pages\/695\/revisions\/2717"}],"wp:attachment":[{"href":"https:\/\/golfmarcosimone.com\/it\/wp-json\/wp\/v2\/media?parent=695"}],"curies":[{"name":"wp","href":"https:\/\/api.w.org\/{rel}","templated":true}]}}