{"id":7168,"date":"2022-10-28T10:41:38","date_gmt":"2022-10-28T08:41:38","guid":{"rendered":"https:\/\/golfmarcosimone.com\/?page_id=7168"},"modified":"2022-11-10T11:15:45","modified_gmt":"2022-11-10T10:15:45","slug":"condizioni-di-vendita","status":"publish","type":"page","link":"https:\/\/golfmarcosimone.com\/it\/condizioni-di-vendita\/","title":{"rendered":"Condizioni di vendita"},"content":{"rendered":"<p><strong>Generalit\u00e0<\/strong><br \/>\nLe presenti condizioni generali di vendita disciplinano la vendita di prodotti di abbigliamento, profumi e accessori . Tali prodotti saranno offerti in vendita attraverso lo shop on line denominato Marco Simone Golf &amp; Country Club (di seguito, rispettivamente, \u201cProdotti\u201d e \u201cShop On Line\u201d) sul sito accessibile all\u2019indirizzo www.golfmarcosimone.it (di seguito \u201cSito\u201d).<br \/>\nLe presenti condizioni generali di vendita regolano esclusivamente l\u2019offerta, la trasmissione, l\u2019accettazione, la spedizione, le modalit\u00e0 di acquisto ed il diritto di recesso di ordini d\u2019acquisto di prodotti sul Sito, tra gli utenti\/clienti del Sito e la MARCO SIMONE GOLF &amp; COUNTRY CLUB SPA mentre non regolano la fornitura di servizi o la vendita di prodotti da parte di soggetti diversi che siano presenti sul Sito tramite collegamenti ipertestuali, links o banners.<br \/>\nLe presenti condizioni generali di vendita sono periodicamente modificate in base allo sviluppo del mercato ed in applicazione di eventuali aggiornamenti e modifiche legislative e regolamentari. Ogni aggiornamento e\/o modifica sar\u00e0 regolarmente pubblicato\/a sul Sito e diverr\u00e0 efficace fin dalla data della pubblicazione medesima.<\/p>\n<p><strong>Identit\u00e0 del Professionista<\/strong><br \/>\nTutti i prodotti offerti sul Sito sono venduti direttamente dalla\u00a0MARCO SIMONE GOLF &amp; COUNTRY CLUB SPA, con sede in Roma, via di Marco Simone 84\/88, 00012 Guidonia Montecelio.<br \/>\nMARCO SIMONE GOLF &amp; COUNTRY CLUB SPA \u00e8 proprietaria esclusiva del Sito e dello Shop On Line e lo gestisce in via esclusiva.<br \/>\nL\u2019attivit\u00e0 di vendita on line svolta sul Sito da MARCO SIMONE GOLF &amp; COUNTRY CLUB SPA \u00e8 diretta esclusivamente a clienti\/utenti finali,\u00a0\u00a0qualificabili come \u201cCONSUMATORI\u201d, cio\u00e8 persone fisiche che agiscono per fini che non rientrano nel quadro della loro attivit\u00e0 commerciale, industriale, artigianale o professionale.<\/p>\n<p><strong>Conclusione del contratto<\/strong><br \/>\nI contratti di compravendita conclusi attraverso il Sito, sono Contratti di compravendita on line tra MARCO SIMONE GOLF &amp; COUNTRY CLUB SPA ed il cliente\/utente\/consumatore (di seguito \u201cCliente\u201d) e rientrano nella categoria dei cd.\u201c Contratti a distanza\u201d.<br \/>\nI contratti di compravendita tra il Cliente ed MARCO SIMONE GOLF &amp; COUNTRY CLUB SPA si intendono conclusi con l\u2019accettazione, da parte di MARCO SIMONE GOLF &amp; COUNTRY CLUB SPA, dell\u2019ordine del Cliente confermata da una e-mail (di seguito \u201cmail di accettazione\u201d) contenente il numero dell\u2019ordine e i dati anagrafici e di spedizione specificati dal Cliente. La mail di accettazione sar\u00e0 inviata all\u2019indirizzo di posta elettronica comunicato dal Cliente in sede di registrazione. La veridicit\u00e0 e correttezza delle informazioni contenute nell\u2019ordine sono di esclusiva responsabilit\u00e0 del Cliente.<br \/>\nMARCO SIMONE GOLF &amp; COUNTRY CLUB SPA pu\u00f2 rifiutare o comunque non dare corso, anche parzialmente, ad ordini d\u2019acquisto che risultino incompleti o non corretti, ovvero nel caso di non disponibilit\u00e0 dei Prodotti o in relazione ad ordini che non diano sufficienti garanzie di solvibilit\u00e0 o non diano garanzie di attendibilit\u00e0 dei dati trasmessi, per evidenti incongruenze. Nei predetti casi MARCO SIMONE GOLF &amp; COUNTRY CLUB SPA provveder\u00e0 ad informare il Cliente per posta elettronica che il contratto non \u00e8 concluso e che non verr\u00e0 dato seguito all\u2019ordine d\u2019acquisto, per i motivi ivi specificati.<br \/>\nIn tali ipotesi il Cliente avr\u00e0 diritto al solo rimborso di quanto gi\u00e0 versato, mentre non avr\u00e0 diritto a risarcimento danni, indennizzo e\/o rimborso alcuno e terr\u00e0 MARCO SIMONE GOLF &amp; COUNTRY CLUB SPA manlevata e indenne da qualsiasi responsabilit\u00e0 contrattuale o extracontrattuale conseguente ad eventuali danni, diretti o indiretti, a persone e\/o cose, provocati dalla mancata accettazione, totale o parziale di un ordine.<\/p>\n<p><strong>INFORMAZIONI E GARANZIE PRODOTTI<\/strong><br \/>\nTutte le informazioni ed indicazioni contenute sulle etichette\u00a0\u00a0sono redatte e garantite dalle rispettive aziende produttrici. Nessuna responsabilit\u00e0 sar\u00e0 imputabile ad MARCO SIMONE GOLF &amp; COUNTRY CLUB SPA per le informazioni ed indicazioni contenute sulle etichette .<br \/>\nPer qualsiasi richiesta di chiarimento al riguardo, il Cliente potr\u00e0 inviare una mail a: ordinishoponline@golfmarcosimone.it<\/p>\n<p><strong>Disponibilit\u00e0 dei Prodotti<\/strong><br \/>\nSe, dopo l\u2019invio dell\u2019Ordine per la richiesta d\u2019acquisto effettuata dal Cliente, i Prodotti selezionati non fossero, per qualsiasi motivo, disponibili, MARCO SIMONE GOLF &amp; COUNTRY CLUB SPA ne dar\u00e0 immediata comunicazione al Cliente via mail, ivi indicando la possibilit\u00e0 di acquistare altri Prodotti del medesimo o migliore standard rispetto a quelli richiesti dal Cliente. Se il Cliente non accetta la nuova proposta, ha la facolt\u00e0 di cancellare l\u2019Ordine, inviando una mail a: ordinishoponline@golfmarcosimone.it<br \/>\nSe dopo la conclusione del Contratto, i Prodotti ordinati non risultassero per qualsiasi motivo disponibili nel magazzino del fornitore, il Cliente potr\u00e0 recedere dal Contratto oppure chiedere che la consegna sia prorogata a data successiva, quando i Prodotti siano rientrati nella disponibilit\u00e0 di MARCO SIMONE GOLF &amp; COUNTRY CLUB SPA.<br \/>\nIn caso di recesso dal Contratto per i motivi sopra indicati, MARCO SIMONE GOLF &amp; COUNTRY CLUB SPA comunicher\u00e0 al Cliente i termini e modalit\u00e0 di rimborso del prezzo gi\u00e0 pagato.<\/p>\n<p><strong>Prezzi<\/strong><br \/>\nTutti i prezzi al pubblico sono IVA inclusa.<br \/>\nI prezzi al pubblico non includono eventuali tasse, dazi ed imposte applicabili nel Paese di destinazione dei prodotti e\/o servizi ove questo sia diverso dall\u2019Italia. Tali costi, diversi da paese a paese, sono a carico del Cliente, al quale spetta l\u2019onere di verificarne l\u2019ammontare presso le competenti autorit\u00e0 doganali.<br \/>\nI prezzi pubblicati e le offerte, possono variare per diversi formati, per questo motivo la Societ\u00e0 si riserva il diritto di effettuare modifiche senza preavviso alcuno.<br \/>\nNel caso in cui un prezzo sia stato pubblicato per errore in maniera non corretta, la Societ\u00e0, si riserva il diritto di rinunciare alla vendita.<br \/>\nI prezzi sono soggetti ad aggiornamenti, quindi il Cliente deve sempre accertarsi del prezzo finale di vendita prima di inoltrare il relativo ordine.<\/p>\n<p><strong>Modalit\u00e0 di pagamento<\/strong><br \/>\nGli acquisti possono essere effettuati con le seguenti tipologie di pagamento: Carta di credito, PayPal, Bonifico Bancario<br \/>\nL\u2019ordine viene addebitato sulla carta di credito del Cliente al momento dell\u2019evasione del bene ordinato.<br \/>\nIl Cliente pu\u00f2 procedere all\u2019annullamento dell\u2019ordine fino al momento in cui lo stesso non sia stato confermato e\/o spedito.<br \/>\nLe transazioni con Carta di Credito o con PayPal vengono effettuate direttamente sulle pagine internet dei gestori delle carte o sul sito di PayPal, senza alcuna possibilit\u00e0 per MARCO SIMONE GOLF &amp; COUNTRY CLUB SPA di intervenire sui dati trasmessi nel momento del pagamento.<br \/>\nA richiesta del Cliente MARCO SIMONE GOLF &amp; COUNTRY CLUB SPA fornir\u00e0 la lettera di vettura e la fattura.<\/p>\n<p><strong>Restituzione Prodotto<\/strong><br \/>\nE\u2019 possibile rendere qualsiasi prodotto acquistato sul nostro Shop entro 30 giorni dalla data di consegna.<br \/>\n\u2022 Assicuratevi che i prodotti siano nelle stesse condizioni in cui li avete ricevuti, incluso il cartellino identificativo appeso al capo, che certifica l\u2019autenticit\u00e0 del capo e individua il prodotto attraverso il codice a barre.<br \/>\n\u2022 Completate il\u00a0<a style=\"font-weight: bold;\" href=\"https:\/\/golfmarcosimone.com\/it\/rma\">Modulo di reso<\/a>\u00a0che trovate all\u2019interno del vostro account per ricevere il Numero di reso.<br \/>\n\u2022 Preparate il pacco, se l\u2019imballo originale non \u00e8 pi\u00f9 utilizzabile, utilizzate una scatola con un ingombro simile a quella originale. Il numero di reso, assieme a tutti i riferimenti dell\u2019ordine, deve essere indicato in modo ben visibile all\u2019esterno del pacco che contiene la merce da rendere.<br \/>\n\u2022 Indicateci via mail all\u2019indirizzo ordinishoponline@golfmarcosimone.it i dati utili per il ritiro (luogo e data), riceverete una risposta comprensiva dell\u2019indirizzo di destinazione merce e di conferma del passaggio del corriere.<br \/>\n\u2022 Al ricevimento della merce verranno espletati tutti i controlli previsti dalle condizioni di vendita; in caso di esito positivo un\u2019email confermer\u00e0 l\u2019accettazione del reso e verr\u00e0 approvato il rimborso, che avr\u00e0 la stessa data di valuta di quella dell\u2019addebito.<br \/>\n\u2022 Le spese per la spedizione della merce resa sono a carico dell\u2019acquirente.<\/p>\n<p><strong>Rifiuto di comunicare i dati personali<\/strong><br \/>\nIl Cliente ha la facolt\u00e0 di comunicare o meno i propri dati personali negli ordini, nei form, nelle chat, al desk help, ecc. La mancata comunicazione anche parziale dei dati personali potrebbe comportare l\u2019assoluta impossibilit\u00e0 di eseguire gli ordini e\/o di adempiere agli obblighi previsti dalla legge.\u00a0 Maggiori informazioni sul trattamento dei dati sono consultabili sulla Privacy Policy pubblicata sul Sito.<\/p>\n<p><strong>Copyright<\/strong><br \/>\nI contenuti del sito quali a titolo esemplificativo e non esaustivo, le immagini, i video, le fotografie, i dialoghi, le musiche, le opere, i suoni, i testi ed ogni altro materiale in qualsiasi formato, compreso, a titolo esemplificativo e non esaustivo, i menu, gli strumenti, i metodi, i processi, i caratteri, il design, i diagrammi, i layouts, le pagine web, la grafica, i colori, gli schemi, le funzioni, il dominio ed il software (individualmente e\/o collettivamente \u201cContenuti\u201d) ed i relativi segni distintivi sono protetti ai sensi della normativa in materia di diritti d\u2019autore e opere dell\u2019ingegno e sono nella disponibilit\u00e0 esclusiva di MARCO SIMONE GOLF &amp; COUNTRY CLUB SPA. I marchi e gli altri segni distintivi menzionati sul Sito delle Aziende Produttrici appartengono ai rispettivi proprietari o titolari e possono essere protetti da brevetti e\/o copyright concessi o registrati dalle autorit\u00e0 preposte. I Contenuti non possono essere in alcun modo e\/o forma, neanche parzialmente, riprodotti, distribuiti, venduti, trasferiti o modificati salvo quanto specificamente disciplinato. Ogni utilizzo illecito sar\u00e0 pertanto perseguibile da MARCO SIMONE GOLF &amp; COUNTRY CLUB SPA.<\/p>\n<p><strong>Legge applicabile<\/strong><br \/>\nIl contratto di compravendita tra il Cliente ed MARCO SIMONE GOLF &amp; COUNTRY CLUB SPA deve intendersi concluso in Italia e disciplinato dalla Legge Italiana.<\/p>\n<p><strong>Reclami e Comunicazioni<\/strong><br \/>\nPer eventuali reclami o comunicazioni vi invitiamo ad inviare una mail a: ordinishoponline@golfmarcosimone.it<\/p>\n<p><strong>Giurisdizione e Foro competente<\/strong><br \/>\nQualora il Cliente abbia acquistato nella qualit\u00e0 di consumatore, il Foro competente sar\u00e0 quello del suo Comune di residenza; in tutti gli altri casi, la competenza territoriale sar\u00e0 esclusivamente quella del Foro di Roma.<\/p>\n","protected":false},"excerpt":{"rendered":"<p>Generalit\u00e0 Le presenti condizioni generali di vendita disciplinano la vendita di prodotti di abbigliamento, profumi e accessori . Tali prodotti [&hellip;]<\/p>\n","protected":false},"author":2,"featured_media":0,"parent":0,"menu_order":0,"comment_status":"closed","ping_status":"closed","template":"","meta":{"_monsterinsights_skip_tracking":false,"_monsterinsights_sitenote_active":false,"_monsterinsights_sitenote_note":"","_monsterinsights_sitenote_category":0,"footnotes":""},"yoast_head":"<!-- This site is optimized with the Yoast SEO plugin v23.1 - https:\/\/yoast.com\/wordpress\/plugins\/seo\/ -->\n<title>Condizioni di vendita - GOLF MARCO SIMONE<\/title>\n<meta name=\"robots\" content=\"index, follow, max-snippet:-1, max-image-preview:large, max-video-preview:-1\" \/>\n<link rel=\"canonical\" href=\"https:\/\/golfmarcosimone.com\/condizioni-di-vendita\/\" \/>\n<meta property=\"og:locale\" content=\"it_IT\" \/>\n<meta property=\"og:type\" content=\"article\" \/>\n<meta property=\"og:title\" content=\"Condizioni di vendita - GOLF MARCO SIMONE\" \/>\n<meta property=\"og:description\" content=\"Generalit\u00e0 Le presenti condizioni generali di vendita disciplinano la vendita di prodotti di abbigliamento, profumi e accessori . Tali prodotti [&hellip;]\" \/>\n<meta property=\"og:url\" content=\"https:\/\/golfmarcosimone.com\/condizioni-di-vendita\/\" \/>\n<meta property=\"og:site_name\" content=\"GOLF MARCO SIMONE\" \/>\n<meta property=\"article:publisher\" content=\"https:\/\/www.facebook.com\/golfmarcosimone\/\" \/>\n<meta property=\"article:modified_time\" content=\"2022-11-10T10:15:45+00:00\" \/>\n<meta name=\"twitter:card\" content=\"summary_large_image\" \/>\n<meta name=\"twitter:site\" content=\"@marcosimonegolf\" \/>\n<meta name=\"twitter:label1\" content=\"Tempo di lettura stimato\" \/>\n\t<meta name=\"twitter:data1\" content=\"8 minuti\" \/>\n<script type=\"application\/ld+json\" class=\"yoast-schema-graph\">{\"@context\":\"https:\/\/schema.org\",\"@graph\":[{\"@type\":\"WebPage\",\"@id\":\"https:\/\/golfmarcosimone.com\/condizioni-di-vendita\/\",\"url\":\"https:\/\/golfmarcosimone.com\/condizioni-di-vendita\/\",\"name\":\"Condizioni di vendita - GOLF MARCO SIMONE\",\"isPartOf\":{\"@id\":\"https:\/\/golfmarcosimone.com\/#website\"},\"datePublished\":\"2022-10-28T08:41:38+00:00\",\"dateModified\":\"2022-11-10T10:15:45+00:00\",\"breadcrumb\":{\"@id\":\"https:\/\/golfmarcosimone.com\/condizioni-di-vendita\/#breadcrumb\"},\"inLanguage\":\"it-IT\",\"potentialAction\":[{\"@type\":\"ReadAction\",\"target\":[\"https:\/\/golfmarcosimone.com\/condizioni-di-vendita\/\"]}]},{\"@type\":\"BreadcrumbList\",\"@id\":\"https:\/\/golfmarcosimone.com\/condizioni-di-vendita\/#breadcrumb\",\"itemListElement\":[{\"@type\":\"ListItem\",\"position\":1,\"name\":\"Home\",\"item\":\"https:\/\/golfmarcosimone.com\/it\/\"},{\"@type\":\"ListItem\",\"position\":2,\"name\":\"Condizioni di vendita\"}]},{\"@type\":\"WebSite\",\"@id\":\"https:\/\/golfmarcosimone.com\/#website\",\"url\":\"https:\/\/golfmarcosimone.com\/\",\"name\":\"GOLF MARCO SIMONE\",\"description\":\"SEDE DELLA RYDER CUP 2023\",\"publisher\":{\"@id\":\"https:\/\/golfmarcosimone.com\/#organization\"},\"potentialAction\":[{\"@type\":\"SearchAction\",\"target\":{\"@type\":\"EntryPoint\",\"urlTemplate\":\"https:\/\/golfmarcosimone.com\/?s={search_term_string}\"},\"query-input\":\"required name=search_term_string\"}],\"inLanguage\":\"it-IT\"},{\"@type\":\"Organization\",\"@id\":\"https:\/\/golfmarcosimone.com\/#organization\",\"name\":\"Golf Marco Simone\",\"url\":\"https:\/\/golfmarcosimone.com\/\",\"logo\":{\"@type\":\"ImageObject\",\"inLanguage\":\"it-IT\",\"@id\":\"https:\/\/golfmarcosimone.com\/#\/schema\/logo\/image\/\",\"url\":\"https:\/\/golfmarcosimone.com\/wp-content\/uploads\/2019\/05\/logo-big.png\",\"contentUrl\":\"https:\/\/golfmarcosimone.com\/wp-content\/uploads\/2019\/05\/logo-big.png\",\"width\":3000,\"height\":416,\"caption\":\"Golf Marco Simone\"},\"image\":{\"@id\":\"https:\/\/golfmarcosimone.com\/#\/schema\/logo\/image\/\"},\"sameAs\":[\"https:\/\/www.facebook.com\/golfmarcosimone\/\",\"https:\/\/x.com\/marcosimonegolf\",\"https:\/\/www.instagram.com\/marcosimonegolf\/\"]}]}<\/script>\n<!-- \/ Yoast SEO plugin. -->","yoast_head_json":{"title":"Condizioni di vendita - GOLF MARCO SIMONE","robots":{"index":"index","follow":"follow","max-snippet":"max-snippet:-1","max-image-preview":"max-image-preview:large","max-video-preview":"max-video-preview:-1"},"canonical":"https:\/\/golfmarcosimone.com\/condizioni-di-vendita\/","og_locale":"it_IT","og_type":"article","og_title":"Condizioni di vendita - GOLF MARCO SIMONE","og_description":"Generalit\u00e0 Le presenti condizioni generali di vendita disciplinano la vendita di prodotti di abbigliamento, profumi e accessori . Tali prodotti [&hellip;]","og_url":"https:\/\/golfmarcosimone.com\/condizioni-di-vendita\/","og_site_name":"GOLF MARCO SIMONE","article_publisher":"https:\/\/www.facebook.com\/golfmarcosimone\/","article_modified_time":"2022-11-10T10:15:45+00:00","twitter_card":"summary_large_image","twitter_site":"@marcosimonegolf","twitter_misc":{"Tempo di lettura stimato":"8 minuti"},"schema":{"@context":"https:\/\/schema.org","@graph":[{"@type":"WebPage","@id":"https:\/\/golfmarcosimone.com\/condizioni-di-vendita\/","url":"https:\/\/golfmarcosimone.com\/condizioni-di-vendita\/","name":"Condizioni di vendita - GOLF MARCO SIMONE","isPartOf":{"@id":"https:\/\/golfmarcosimone.com\/#website"},"datePublished":"2022-10-28T08:41:38+00:00","dateModified":"2022-11-10T10:15:45+00:00","breadcrumb":{"@id":"https:\/\/golfmarcosimone.com\/condizioni-di-vendita\/#breadcrumb"},"inLanguage":"it-IT","potentialAction":[{"@type":"ReadAction","target":["https:\/\/golfmarcosimone.com\/condizioni-di-vendita\/"]}]},{"@type":"BreadcrumbList","@id":"https:\/\/golfmarcosimone.com\/condizioni-di-vendita\/#breadcrumb","itemListElement":[{"@type":"ListItem","position":1,"name":"Home","item":"https:\/\/golfmarcosimone.com\/it\/"},{"@type":"ListItem","position":2,"name":"Condizioni di vendita"}]},{"@type":"WebSite","@id":"https:\/\/golfmarcosimone.com\/#website","url":"https:\/\/golfmarcosimone.com\/","name":"GOLF MARCO SIMONE","description":"SEDE DELLA RYDER CUP 2023","publisher":{"@id":"https:\/\/golfmarcosimone.com\/#organization"},"potentialAction":[{"@type":"SearchAction","target":{"@type":"EntryPoint","urlTemplate":"https:\/\/golfmarcosimone.com\/?s={search_term_string}"},"query-input":"required name=search_term_string"}],"inLanguage":"it-IT"},{"@type":"Organization","@id":"https:\/\/golfmarcosimone.com\/#organization","name":"Golf Marco Simone","url":"https:\/\/golfmarcosimone.com\/","logo":{"@type":"ImageObject","inLanguage":"it-IT","@id":"https:\/\/golfmarcosimone.com\/#\/schema\/logo\/image\/","url":"https:\/\/golfmarcosimone.com\/wp-content\/uploads\/2019\/05\/logo-big.png","contentUrl":"https:\/\/golfmarcosimone.com\/wp-content\/uploads\/2019\/05\/logo-big.png","width":3000,"height":416,"caption":"Golf Marco Simone"},"image":{"@id":"https:\/\/golfmarcosimone.com\/#\/schema\/logo\/image\/"},"sameAs":["https:\/\/www.facebook.com\/golfmarcosimone\/","https:\/\/x.com\/marcosimonegolf","https:\/\/www.instagram.com\/marcosimonegolf\/"]}]}},"_links":{"self":[{"href":"https:\/\/golfmarcosimone.com\/it\/wp-json\/wp\/v2\/pages\/7168"}],"collection":[{"href":"https:\/\/golfmarcosimone.com\/it\/wp-json\/wp\/v2\/pages"}],"about":[{"href":"https:\/\/golfmarcosimone.com\/it\/wp-json\/wp\/v2\/types\/page"}],"author":[{"embeddable":true,"href":"https:\/\/golfmarcosimone.com\/it\/wp-json\/wp\/v2\/users\/2"}],"replies":[{"embeddable":true,"href":"https:\/\/golfmarcosimone.com\/it\/wp-json\/wp\/v2\/comments?post=7168"}],"version-history":[{"count":4,"href":"https:\/\/golfmarcosimone.com\/it\/wp-json\/wp\/v2\/pages\/7168\/revisions"}],"predecessor-version":[{"id":7580,"href":"https:\/\/golfmarcosimone.com\/it\/wp-json\/wp\/v2\/pages\/7168\/revisions\/7580"}],"wp:attachment":[{"href":"https:\/\/golfmarcosimone.com\/it\/wp-json\/wp\/v2\/media?parent=7168"}],"curies":[{"name":"wp","href":"https:\/\/api.w.org\/{rel}","templated":true}]}}