{"id":11650,"date":"2023-09-12T09:40:34","date_gmt":"2023-09-12T07:40:37","guid":{"rendered":"https:\/\/golfmarcosimone.com\/?post_type=product&#038;p=11650"},"modified":"2023-12-15T09:08:56","modified_gmt":"2023-12-15T08:08:56","slug":"polo-abacus-drycool-ryder-cup-2023-blu-cobalto","status":"publish","type":"product","link":"https:\/\/golfmarcosimone.com\/it\/product\/polo-abacus-drycool-ryder-cup-2023-blu-cobalto\/","title":{"rendered":"POLO ABACUS DRYCOOL RYDER CUP 2023 BLU COBALTO"},"content":{"rendered":"","protected":false},"excerpt":{"rendered":"<p>Polo blu cobalto con logo Ryder Cup 2023 ricamato, realizzata in tessuto sportivo sviluppato appositamente per il golf.<\/p>\n<p>DETTAGLI<\/p>\n<p>\u2022 Abacus brand<br \/>\n\u2022 Logo Ryder Cup 2023 ricamato<br \/>\n\u2022 Composizione in 100% poliestere, traspirante ed elastico<br \/>\n\u2022 Tecnologia Dry-Cool per un controllo ottimale della temperatura<br \/>\n\u2022 Standard fit per una vestibilit\u00e0 confortevole, pensata per una grande libert\u00e0 di movimento nelle attivit\u00e0 outdoor<br \/>\n\u2022 Lavabile in lavatrice in acqua fredda separatamente<br \/>\n\u2022 Prodotto importato<\/p>\n","protected":false},"featured_media":11888,"template":"","meta":{"_monsterinsights_skip_tracking":false,"_monsterinsights_sitenote_active":false,"_monsterinsights_sitenote_note":"","_monsterinsights_sitenote_category":0},"product_cat":[116,122,48],"product_tag":[],"yoast_head":"<!-- This site is optimized with the Yoast SEO plugin v23.1 - https:\/\/yoast.com\/wordpress\/plugins\/seo\/ -->\n<title>POLO ABACUS DRYCOOL RYDER CUP 2023 BLU COBALTO - GOLF MARCO SIMONE<\/title>\n<meta name=\"robots\" content=\"index, follow, max-snippet:-1, max-image-preview:large, max-video-preview:-1\" \/>\n<link rel=\"canonical\" href=\"https:\/\/golfmarcosimone.com\/it\/product\/polo-abacus-drycool-ryder-cup-2023-blu-cobalto\/\" \/>\n<meta property=\"og:locale\" content=\"it_IT\" \/>\n<meta property=\"og:type\" content=\"article\" \/>\n<meta property=\"og:title\" content=\"POLO ABACUS DRYCOOL RYDER CUP 2023 BLU COBALTO - GOLF MARCO SIMONE\" \/>\n<meta property=\"og:description\" content=\"Polo blu cobalto con logo Ryder Cup 2023 ricamato, realizzata in tessuto sportivo sviluppato appositamente per il golf.  DETTAGLI  \u2022 Abacus brand \u2022 Logo Ryder Cup 2023 ricamato \u2022 Composizione in 100% poliestere, traspirante ed elastico \u2022 Tecnologia Dry-Cool per un controllo ottimale della temperatura \u2022 Standard fit per una vestibilit\u00e0 confortevole, pensata per una grande libert\u00e0 di movimento nelle attivit\u00e0 outdoor \u2022 Lavabile in lavatrice in acqua fredda separatamente \u2022 Prodotto importato\" \/>\n<meta property=\"og:url\" content=\"https:\/\/golfmarcosimone.com\/it\/product\/polo-abacus-drycool-ryder-cup-2023-blu-cobalto\/\" \/>\n<meta property=\"og:site_name\" content=\"GOLF MARCO SIMONE\" \/>\n<meta property=\"article:publisher\" content=\"https:\/\/www.facebook.com\/golfmarcosimone\/\" \/>\n<meta property=\"article:modified_time\" content=\"2023-12-15T08:08:56+00:00\" \/>\n<meta property=\"og:image\" content=\"https:\/\/golfmarcosimone.com\/wp-content\/uploads\/2023\/09\/67245613-mens-cray-polo-561-01-1.jpg\" \/>\n\t<meta property=\"og:image:width\" content=\"1074\" \/>\n\t<meta property=\"og:image:height\" content=\"1614\" \/>\n\t<meta property=\"og:image:type\" content=\"image\/jpeg\" \/>\n<meta name=\"twitter:card\" content=\"summary_large_image\" \/>\n<meta name=\"twitter:site\" content=\"@marcosimonegolf\" \/>\n<script type=\"application\/ld+json\" class=\"yoast-schema-graph\">{\"@context\":\"https:\/\/schema.org\",\"@graph\":[{\"@type\":\"WebPage\",\"@id\":\"https:\/\/golfmarcosimone.com\/it\/product\/polo-abacus-drycool-ryder-cup-2023-blu-cobalto\/\",\"url\":\"https:\/\/golfmarcosimone.com\/it\/product\/polo-abacus-drycool-ryder-cup-2023-blu-cobalto\/\",\"name\":\"POLO ABACUS DRYCOOL RYDER CUP 2023 BLU COBALTO - GOLF MARCO SIMONE\",\"isPartOf\":{\"@id\":\"https:\/\/golfmarcosimone.com\/#website\"},\"primaryImageOfPage\":{\"@id\":\"https:\/\/golfmarcosimone.com\/it\/product\/polo-abacus-drycool-ryder-cup-2023-blu-cobalto\/#primaryimage\"},\"image\":{\"@id\":\"https:\/\/golfmarcosimone.com\/it\/product\/polo-abacus-drycool-ryder-cup-2023-blu-cobalto\/#primaryimage\"},\"thumbnailUrl\":\"https:\/\/golfmarcosimone.com\/wp-content\/uploads\/2023\/09\/67245613-mens-cray-polo-561-01-1.jpg\",\"datePublished\":\"2023-09-12T07:40:37+00:00\",\"dateModified\":\"2023-12-15T08:08:56+00:00\",\"breadcrumb\":{\"@id\":\"https:\/\/golfmarcosimone.com\/it\/product\/polo-abacus-drycool-ryder-cup-2023-blu-cobalto\/#breadcrumb\"},\"inLanguage\":\"it-IT\",\"potentialAction\":[{\"@type\":\"ReadAction\",\"target\":[\"https:\/\/golfmarcosimone.com\/it\/product\/polo-abacus-drycool-ryder-cup-2023-blu-cobalto\/\"]}]},{\"@type\":\"ImageObject\",\"inLanguage\":\"it-IT\",\"@id\":\"https:\/\/golfmarcosimone.com\/it\/product\/polo-abacus-drycool-ryder-cup-2023-blu-cobalto\/#primaryimage\",\"url\":\"https:\/\/golfmarcosimone.com\/wp-content\/uploads\/2023\/09\/67245613-mens-cray-polo-561-01-1.jpg\",\"contentUrl\":\"https:\/\/golfmarcosimone.com\/wp-content\/uploads\/2023\/09\/67245613-mens-cray-polo-561-01-1.jpg\",\"width\":1074,\"height\":1614},{\"@type\":\"BreadcrumbList\",\"@id\":\"https:\/\/golfmarcosimone.com\/it\/product\/polo-abacus-drycool-ryder-cup-2023-blu-cobalto\/#breadcrumb\",\"itemListElement\":[{\"@type\":\"ListItem\",\"position\":1,\"name\":\"Home\",\"item\":\"https:\/\/golfmarcosimone.com\/it\/\"},{\"@type\":\"ListItem\",\"position\":2,\"name\":\"Shop\",\"item\":\"https:\/\/golfmarcosimone.com\/it\/negozio\/\"},{\"@type\":\"ListItem\",\"position\":3,\"name\":\"POLO ABACUS DRYCOOL RYDER CUP 2023 BLU COBALTO\"}]},{\"@type\":\"WebSite\",\"@id\":\"https:\/\/golfmarcosimone.com\/#website\",\"url\":\"https:\/\/golfmarcosimone.com\/\",\"name\":\"GOLF MARCO SIMONE\",\"description\":\"SEDE DELLA RYDER CUP 2023\",\"publisher\":{\"@id\":\"https:\/\/golfmarcosimone.com\/#organization\"},\"potentialAction\":[{\"@type\":\"SearchAction\",\"target\":{\"@type\":\"EntryPoint\",\"urlTemplate\":\"https:\/\/golfmarcosimone.com\/?s={search_term_string}\"},\"query-input\":\"required name=search_term_string\"}],\"inLanguage\":\"it-IT\"},{\"@type\":\"Organization\",\"@id\":\"https:\/\/golfmarcosimone.com\/#organization\",\"name\":\"Golf Marco Simone\",\"url\":\"https:\/\/golfmarcosimone.com\/\",\"logo\":{\"@type\":\"ImageObject\",\"inLanguage\":\"it-IT\",\"@id\":\"https:\/\/golfmarcosimone.com\/#\/schema\/logo\/image\/\",\"url\":\"https:\/\/golfmarcosimone.com\/wp-content\/uploads\/2019\/05\/logo-big.png\",\"contentUrl\":\"https:\/\/golfmarcosimone.com\/wp-content\/uploads\/2019\/05\/logo-big.png\",\"width\":3000,\"height\":416,\"caption\":\"Golf Marco Simone\"},\"image\":{\"@id\":\"https:\/\/golfmarcosimone.com\/#\/schema\/logo\/image\/\"},\"sameAs\":[\"https:\/\/www.facebook.com\/golfmarcosimone\/\",\"https:\/\/x.com\/marcosimonegolf\",\"https:\/\/www.instagram.com\/marcosimonegolf\/\"]}]}<\/script>\n<!-- \/ Yoast SEO plugin. -->","yoast_head_json":{"title":"POLO ABACUS DRYCOOL RYDER CUP 2023 BLU COBALTO - GOLF MARCO SIMONE","robots":{"index":"index","follow":"follow","max-snippet":"max-snippet:-1","max-image-preview":"max-image-preview:large","max-video-preview":"max-video-preview:-1"},"canonical":"https:\/\/golfmarcosimone.com\/it\/product\/polo-abacus-drycool-ryder-cup-2023-blu-cobalto\/","og_locale":"it_IT","og_type":"article","og_title":"POLO ABACUS DRYCOOL RYDER CUP 2023 BLU COBALTO - GOLF MARCO SIMONE","og_description":"Polo blu cobalto con logo Ryder Cup 2023 ricamato, realizzata in tessuto sportivo sviluppato appositamente per il golf.  DETTAGLI  \u2022 Abacus brand \u2022 Logo Ryder Cup 2023 ricamato \u2022 Composizione in 100% poliestere, traspirante ed elastico \u2022 Tecnologia Dry-Cool per un controllo ottimale della temperatura \u2022 Standard fit per una vestibilit\u00e0 confortevole, pensata per una grande libert\u00e0 di movimento nelle attivit\u00e0 outdoor \u2022 Lavabile in lavatrice in acqua fredda separatamente \u2022 Prodotto importato","og_url":"https:\/\/golfmarcosimone.com\/it\/product\/polo-abacus-drycool-ryder-cup-2023-blu-cobalto\/","og_site_name":"GOLF MARCO SIMONE","article_publisher":"https:\/\/www.facebook.com\/golfmarcosimone\/","article_modified_time":"2023-12-15T08:08:56+00:00","og_image":[{"width":1074,"height":1614,"url":"https:\/\/golfmarcosimone.com\/wp-content\/uploads\/2023\/09\/67245613-mens-cray-polo-561-01-1.jpg","type":"image\/jpeg"}],"twitter_card":"summary_large_image","twitter_site":"@marcosimonegolf","schema":{"@context":"https:\/\/schema.org","@graph":[{"@type":"WebPage","@id":"https:\/\/golfmarcosimone.com\/it\/product\/polo-abacus-drycool-ryder-cup-2023-blu-cobalto\/","url":"https:\/\/golfmarcosimone.com\/it\/product\/polo-abacus-drycool-ryder-cup-2023-blu-cobalto\/","name":"POLO ABACUS DRYCOOL RYDER CUP 2023 BLU COBALTO - GOLF MARCO SIMONE","isPartOf":{"@id":"https:\/\/golfmarcosimone.com\/#website"},"primaryImageOfPage":{"@id":"https:\/\/golfmarcosimone.com\/it\/product\/polo-abacus-drycool-ryder-cup-2023-blu-cobalto\/#primaryimage"},"image":{"@id":"https:\/\/golfmarcosimone.com\/it\/product\/polo-abacus-drycool-ryder-cup-2023-blu-cobalto\/#primaryimage"},"thumbnailUrl":"https:\/\/golfmarcosimone.com\/wp-content\/uploads\/2023\/09\/67245613-mens-cray-polo-561-01-1.jpg","datePublished":"2023-09-12T07:40:37+00:00","dateModified":"2023-12-15T08:08:56+00:00","breadcrumb":{"@id":"https:\/\/golfmarcosimone.com\/it\/product\/polo-abacus-drycool-ryder-cup-2023-blu-cobalto\/#breadcrumb"},"inLanguage":"it-IT","potentialAction":[{"@type":"ReadAction","target":["https:\/\/golfmarcosimone.com\/it\/product\/polo-abacus-drycool-ryder-cup-2023-blu-cobalto\/"]}]},{"@type":"ImageObject","inLanguage":"it-IT","@id":"https:\/\/golfmarcosimone.com\/it\/product\/polo-abacus-drycool-ryder-cup-2023-blu-cobalto\/#primaryimage","url":"https:\/\/golfmarcosimone.com\/wp-content\/uploads\/2023\/09\/67245613-mens-cray-polo-561-01-1.jpg","contentUrl":"https:\/\/golfmarcosimone.com\/wp-content\/uploads\/2023\/09\/67245613-mens-cray-polo-561-01-1.jpg","width":1074,"height":1614},{"@type":"BreadcrumbList","@id":"https:\/\/golfmarcosimone.com\/it\/product\/polo-abacus-drycool-ryder-cup-2023-blu-cobalto\/#breadcrumb","itemListElement":[{"@type":"ListItem","position":1,"name":"Home","item":"https:\/\/golfmarcosimone.com\/it\/"},{"@type":"ListItem","position":2,"name":"Shop","item":"https:\/\/golfmarcosimone.com\/it\/negozio\/"},{"@type":"ListItem","position":3,"name":"POLO ABACUS DRYCOOL RYDER CUP 2023 BLU COBALTO"}]},{"@type":"WebSite","@id":"https:\/\/golfmarcosimone.com\/#website","url":"https:\/\/golfmarcosimone.com\/","name":"GOLF MARCO SIMONE","description":"SEDE DELLA RYDER CUP 2023","publisher":{"@id":"https:\/\/golfmarcosimone.com\/#organization"},"potentialAction":[{"@type":"SearchAction","target":{"@type":"EntryPoint","urlTemplate":"https:\/\/golfmarcosimone.com\/?s={search_term_string}"},"query-input":"required name=search_term_string"}],"inLanguage":"it-IT"},{"@type":"Organization","@id":"https:\/\/golfmarcosimone.com\/#organization","name":"Golf Marco Simone","url":"https:\/\/golfmarcosimone.com\/","logo":{"@type":"ImageObject","inLanguage":"it-IT","@id":"https:\/\/golfmarcosimone.com\/#\/schema\/logo\/image\/","url":"https:\/\/golfmarcosimone.com\/wp-content\/uploads\/2019\/05\/logo-big.png","contentUrl":"https:\/\/golfmarcosimone.com\/wp-content\/uploads\/2019\/05\/logo-big.png","width":3000,"height":416,"caption":"Golf Marco Simone"},"image":{"@id":"https:\/\/golfmarcosimone.com\/#\/schema\/logo\/image\/"},"sameAs":["https:\/\/www.facebook.com\/golfmarcosimone\/","https:\/\/x.com\/marcosimonegolf","https:\/\/www.instagram.com\/marcosimonegolf\/"]}]}},"_links":{"self":[{"href":"https:\/\/golfmarcosimone.com\/it\/wp-json\/wp\/v2\/product\/11650"}],"collection":[{"href":"https:\/\/golfmarcosimone.com\/it\/wp-json\/wp\/v2\/product"}],"about":[{"href":"https:\/\/golfmarcosimone.com\/it\/wp-json\/wp\/v2\/types\/product"}],"wp:featuredmedia":[{"embeddable":true,"href":"https:\/\/golfmarcosimone.com\/it\/wp-json\/wp\/v2\/media\/11888"}],"wp:attachment":[{"href":"https:\/\/golfmarcosimone.com\/it\/wp-json\/wp\/v2\/media?parent=11650"}],"wp:term":[{"taxonomy":"product_cat","embeddable":true,"href":"https:\/\/golfmarcosimone.com\/it\/wp-json\/wp\/v2\/product_cat?post=11650"},{"taxonomy":"product_tag","embeddable":true,"href":"https:\/\/golfmarcosimone.com\/it\/wp-json\/wp\/v2\/product_tag?post=11650"}],"curies":[{"name":"wp","href":"https:\/\/api.w.org\/{rel}","templated":true}]}}