{"id":12024,"date":"2023-09-18T14:35:52","date_gmt":"2023-09-18T12:35:49","guid":{"rendered":"https:\/\/golfmarcosimone.com\/?post_type=product&#038;p=12024"},"modified":"2023-12-15T09:08:34","modified_gmt":"2023-12-15T08:08:34","slug":"gilet-abacus-lytham-blu-navy-marco-simone","status":"publish","type":"product","link":"https:\/\/golfmarcosimone.com\/it\/product\/gilet-abacus-lytham-blu-navy-marco-simone\/","title":{"rendered":"GILET ABACUS LYTHAM BLU NAVY MARCO SIMONE"},"content":{"rendered":"","protected":false},"excerpt":{"rendered":"<p>Gilet Blu Navy con logo ricamato Marco Simone con tasche laterali, realizzato in tessuto tecnico anti-pioggia e anti-vento molto traspirante e confortevole, assicura una grande vestibilit\u00e0. Il materiale del gilet si comporta come una seconda pelle, \u00e8 stato disegnato appositamente per attivit\u00e0 outdoor, per permettere massima libert\u00e0 di movimento. Il gilet ha una zip centrale e presenta un collo leggermente pi\u00f9 alto per assicurare la protezione del collo in caso di vento.<\/p>\n<p>DETTAGLI<\/p>\n<p>\u2022 Brand Abacus \u2013 Lytham Softshell Vest<br \/>\n\u2022 Ricamo con logo Marco Simone<br \/>\n\u2022 Tessuto altamente elastico<br \/>\n\u2022 Resistente al vento<br \/>\n\u2022 Resistente all\u2019acqua<br \/>\n\u2022 100% Poliestere, tessuto molto traspirante e confortevole<br \/>\n\u2022 Prodotto importato<br \/>\n\u2022 Lavabile in lavatrice in acqua fredda a rovescio, non usare ammorbidente<\/p>\n","protected":false},"featured_media":12042,"template":"","meta":{"_monsterinsights_skip_tracking":false,"_monsterinsights_sitenote_active":false,"_monsterinsights_sitenote_note":"","_monsterinsights_sitenote_category":0},"product_cat":[116,122,129],"product_tag":[],"yoast_head":"<!-- This site is optimized with the Yoast SEO plugin v23.1 - https:\/\/yoast.com\/wordpress\/plugins\/seo\/ -->\n<title>GILET ABACUS LYTHAM BLU NAVY MARCO SIMONE - GOLF MARCO SIMONE<\/title>\n<meta name=\"robots\" content=\"index, follow, max-snippet:-1, max-image-preview:large, max-video-preview:-1\" \/>\n<link rel=\"canonical\" href=\"https:\/\/golfmarcosimone.com\/it\/product\/gilet-abacus-lytham-blu-navy-marco-simone\/\" \/>\n<meta property=\"og:locale\" content=\"it_IT\" \/>\n<meta property=\"og:type\" content=\"article\" \/>\n<meta property=\"og:title\" content=\"GILET ABACUS LYTHAM BLU NAVY MARCO SIMONE - GOLF MARCO SIMONE\" \/>\n<meta property=\"og:description\" content=\"Gilet Blu Navy con logo ricamato Marco Simone con tasche laterali, realizzato in tessuto tecnico anti-pioggia e anti-vento molto traspirante e confortevole, assicura una grande vestibilit\u00e0. Il materiale del gilet si comporta come una seconda pelle, \u00e8 stato disegnato appositamente per attivit\u00e0 outdoor, per permettere massima libert\u00e0 di movimento. Il gilet ha una zip centrale e presenta un collo leggermente pi\u00f9 alto per assicurare la protezione del collo in caso di vento.  DETTAGLI  \u2022 Brand Abacus \u2013 Lytham Softshell Vest \u2022 Ricamo con logo Marco Simone \u2022 Tessuto altamente elastico \u2022 Resistente al vento \u2022 Resistente all\u2019acqua \u2022 100% Poliestere, tessuto molto traspirante e confortevole \u2022 Prodotto importato \u2022 Lavabile in lavatrice in acqua fredda a rovescio, non usare ammorbidente\" \/>\n<meta property=\"og:url\" content=\"https:\/\/golfmarcosimone.com\/it\/product\/gilet-abacus-lytham-blu-navy-marco-simone\/\" \/>\n<meta property=\"og:site_name\" content=\"GOLF MARCO SIMONE\" \/>\n<meta property=\"article:publisher\" content=\"https:\/\/www.facebook.com\/golfmarcosimone\/\" \/>\n<meta property=\"article:modified_time\" content=\"2023-12-15T08:08:34+00:00\" \/>\n<meta property=\"og:image\" content=\"https:\/\/golfmarcosimone.com\/wp-content\/uploads\/2023\/09\/gilet-uomo-blu-AB-6284-300MS-01.jpg\" \/>\n\t<meta property=\"og:image:width\" content=\"1074\" \/>\n\t<meta property=\"og:image:height\" content=\"1614\" \/>\n\t<meta property=\"og:image:type\" content=\"image\/jpeg\" \/>\n<meta name=\"twitter:card\" content=\"summary_large_image\" \/>\n<meta name=\"twitter:site\" content=\"@marcosimonegolf\" \/>\n<script type=\"application\/ld+json\" class=\"yoast-schema-graph\">{\"@context\":\"https:\/\/schema.org\",\"@graph\":[{\"@type\":\"WebPage\",\"@id\":\"https:\/\/golfmarcosimone.com\/it\/product\/gilet-abacus-lytham-blu-navy-marco-simone\/\",\"url\":\"https:\/\/golfmarcosimone.com\/it\/product\/gilet-abacus-lytham-blu-navy-marco-simone\/\",\"name\":\"GILET ABACUS LYTHAM BLU NAVY MARCO SIMONE - GOLF MARCO SIMONE\",\"isPartOf\":{\"@id\":\"https:\/\/golfmarcosimone.com\/#website\"},\"primaryImageOfPage\":{\"@id\":\"https:\/\/golfmarcosimone.com\/it\/product\/gilet-abacus-lytham-blu-navy-marco-simone\/#primaryimage\"},\"image\":{\"@id\":\"https:\/\/golfmarcosimone.com\/it\/product\/gilet-abacus-lytham-blu-navy-marco-simone\/#primaryimage\"},\"thumbnailUrl\":\"https:\/\/golfmarcosimone.com\/wp-content\/uploads\/2023\/09\/gilet-uomo-blu-AB-6284-300MS-01.jpg\",\"datePublished\":\"2023-09-18T12:35:49+00:00\",\"dateModified\":\"2023-12-15T08:08:34+00:00\",\"breadcrumb\":{\"@id\":\"https:\/\/golfmarcosimone.com\/it\/product\/gilet-abacus-lytham-blu-navy-marco-simone\/#breadcrumb\"},\"inLanguage\":\"it-IT\",\"potentialAction\":[{\"@type\":\"ReadAction\",\"target\":[\"https:\/\/golfmarcosimone.com\/it\/product\/gilet-abacus-lytham-blu-navy-marco-simone\/\"]}]},{\"@type\":\"ImageObject\",\"inLanguage\":\"it-IT\",\"@id\":\"https:\/\/golfmarcosimone.com\/it\/product\/gilet-abacus-lytham-blu-navy-marco-simone\/#primaryimage\",\"url\":\"https:\/\/golfmarcosimone.com\/wp-content\/uploads\/2023\/09\/gilet-uomo-blu-AB-6284-300MS-01.jpg\",\"contentUrl\":\"https:\/\/golfmarcosimone.com\/wp-content\/uploads\/2023\/09\/gilet-uomo-blu-AB-6284-300MS-01.jpg\",\"width\":1074,\"height\":1614},{\"@type\":\"BreadcrumbList\",\"@id\":\"https:\/\/golfmarcosimone.com\/it\/product\/gilet-abacus-lytham-blu-navy-marco-simone\/#breadcrumb\",\"itemListElement\":[{\"@type\":\"ListItem\",\"position\":1,\"name\":\"Home\",\"item\":\"https:\/\/golfmarcosimone.com\/it\/\"},{\"@type\":\"ListItem\",\"position\":2,\"name\":\"Shop\",\"item\":\"https:\/\/golfmarcosimone.com\/it\/negozio\/\"},{\"@type\":\"ListItem\",\"position\":3,\"name\":\"GILET ABACUS LYTHAM BLU NAVY MARCO SIMONE\"}]},{\"@type\":\"WebSite\",\"@id\":\"https:\/\/golfmarcosimone.com\/#website\",\"url\":\"https:\/\/golfmarcosimone.com\/\",\"name\":\"GOLF MARCO SIMONE\",\"description\":\"SEDE DELLA RYDER CUP 2023\",\"publisher\":{\"@id\":\"https:\/\/golfmarcosimone.com\/#organization\"},\"potentialAction\":[{\"@type\":\"SearchAction\",\"target\":{\"@type\":\"EntryPoint\",\"urlTemplate\":\"https:\/\/golfmarcosimone.com\/?s={search_term_string}\"},\"query-input\":\"required name=search_term_string\"}],\"inLanguage\":\"it-IT\"},{\"@type\":\"Organization\",\"@id\":\"https:\/\/golfmarcosimone.com\/#organization\",\"name\":\"Golf Marco Simone\",\"url\":\"https:\/\/golfmarcosimone.com\/\",\"logo\":{\"@type\":\"ImageObject\",\"inLanguage\":\"it-IT\",\"@id\":\"https:\/\/golfmarcosimone.com\/#\/schema\/logo\/image\/\",\"url\":\"https:\/\/golfmarcosimone.com\/wp-content\/uploads\/2019\/05\/logo-big.png\",\"contentUrl\":\"https:\/\/golfmarcosimone.com\/wp-content\/uploads\/2019\/05\/logo-big.png\",\"width\":3000,\"height\":416,\"caption\":\"Golf Marco Simone\"},\"image\":{\"@id\":\"https:\/\/golfmarcosimone.com\/#\/schema\/logo\/image\/\"},\"sameAs\":[\"https:\/\/www.facebook.com\/golfmarcosimone\/\",\"https:\/\/x.com\/marcosimonegolf\",\"https:\/\/www.instagram.com\/marcosimonegolf\/\"]}]}<\/script>\n<!-- \/ Yoast SEO plugin. -->","yoast_head_json":{"title":"GILET ABACUS LYTHAM BLU NAVY MARCO SIMONE - GOLF MARCO SIMONE","robots":{"index":"index","follow":"follow","max-snippet":"max-snippet:-1","max-image-preview":"max-image-preview:large","max-video-preview":"max-video-preview:-1"},"canonical":"https:\/\/golfmarcosimone.com\/it\/product\/gilet-abacus-lytham-blu-navy-marco-simone\/","og_locale":"it_IT","og_type":"article","og_title":"GILET ABACUS LYTHAM BLU NAVY MARCO SIMONE - GOLF MARCO SIMONE","og_description":"Gilet Blu Navy con logo ricamato Marco Simone con tasche laterali, realizzato in tessuto tecnico anti-pioggia e anti-vento molto traspirante e confortevole, assicura una grande vestibilit\u00e0. Il materiale del gilet si comporta come una seconda pelle, \u00e8 stato disegnato appositamente per attivit\u00e0 outdoor, per permettere massima libert\u00e0 di movimento. Il gilet ha una zip centrale e presenta un collo leggermente pi\u00f9 alto per assicurare la protezione del collo in caso di vento.  DETTAGLI  \u2022 Brand Abacus \u2013 Lytham Softshell Vest \u2022 Ricamo con logo Marco Simone \u2022 Tessuto altamente elastico \u2022 Resistente al vento \u2022 Resistente all\u2019acqua \u2022 100% Poliestere, tessuto molto traspirante e confortevole \u2022 Prodotto importato \u2022 Lavabile in lavatrice in acqua fredda a rovescio, non usare ammorbidente","og_url":"https:\/\/golfmarcosimone.com\/it\/product\/gilet-abacus-lytham-blu-navy-marco-simone\/","og_site_name":"GOLF MARCO SIMONE","article_publisher":"https:\/\/www.facebook.com\/golfmarcosimone\/","article_modified_time":"2023-12-15T08:08:34+00:00","og_image":[{"width":1074,"height":1614,"url":"https:\/\/golfmarcosimone.com\/wp-content\/uploads\/2023\/09\/gilet-uomo-blu-AB-6284-300MS-01.jpg","type":"image\/jpeg"}],"twitter_card":"summary_large_image","twitter_site":"@marcosimonegolf","schema":{"@context":"https:\/\/schema.org","@graph":[{"@type":"WebPage","@id":"https:\/\/golfmarcosimone.com\/it\/product\/gilet-abacus-lytham-blu-navy-marco-simone\/","url":"https:\/\/golfmarcosimone.com\/it\/product\/gilet-abacus-lytham-blu-navy-marco-simone\/","name":"GILET ABACUS LYTHAM BLU NAVY MARCO SIMONE - GOLF MARCO SIMONE","isPartOf":{"@id":"https:\/\/golfmarcosimone.com\/#website"},"primaryImageOfPage":{"@id":"https:\/\/golfmarcosimone.com\/it\/product\/gilet-abacus-lytham-blu-navy-marco-simone\/#primaryimage"},"image":{"@id":"https:\/\/golfmarcosimone.com\/it\/product\/gilet-abacus-lytham-blu-navy-marco-simone\/#primaryimage"},"thumbnailUrl":"https:\/\/golfmarcosimone.com\/wp-content\/uploads\/2023\/09\/gilet-uomo-blu-AB-6284-300MS-01.jpg","datePublished":"2023-09-18T12:35:49+00:00","dateModified":"2023-12-15T08:08:34+00:00","breadcrumb":{"@id":"https:\/\/golfmarcosimone.com\/it\/product\/gilet-abacus-lytham-blu-navy-marco-simone\/#breadcrumb"},"inLanguage":"it-IT","potentialAction":[{"@type":"ReadAction","target":["https:\/\/golfmarcosimone.com\/it\/product\/gilet-abacus-lytham-blu-navy-marco-simone\/"]}]},{"@type":"ImageObject","inLanguage":"it-IT","@id":"https:\/\/golfmarcosimone.com\/it\/product\/gilet-abacus-lytham-blu-navy-marco-simone\/#primaryimage","url":"https:\/\/golfmarcosimone.com\/wp-content\/uploads\/2023\/09\/gilet-uomo-blu-AB-6284-300MS-01.jpg","contentUrl":"https:\/\/golfmarcosimone.com\/wp-content\/uploads\/2023\/09\/gilet-uomo-blu-AB-6284-300MS-01.jpg","width":1074,"height":1614},{"@type":"BreadcrumbList","@id":"https:\/\/golfmarcosimone.com\/it\/product\/gilet-abacus-lytham-blu-navy-marco-simone\/#breadcrumb","itemListElement":[{"@type":"ListItem","position":1,"name":"Home","item":"https:\/\/golfmarcosimone.com\/it\/"},{"@type":"ListItem","position":2,"name":"Shop","item":"https:\/\/golfmarcosimone.com\/it\/negozio\/"},{"@type":"ListItem","position":3,"name":"GILET ABACUS LYTHAM BLU NAVY MARCO SIMONE"}]},{"@type":"WebSite","@id":"https:\/\/golfmarcosimone.com\/#website","url":"https:\/\/golfmarcosimone.com\/","name":"GOLF MARCO SIMONE","description":"SEDE DELLA RYDER CUP 2023","publisher":{"@id":"https:\/\/golfmarcosimone.com\/#organization"},"potentialAction":[{"@type":"SearchAction","target":{"@type":"EntryPoint","urlTemplate":"https:\/\/golfmarcosimone.com\/?s={search_term_string}"},"query-input":"required name=search_term_string"}],"inLanguage":"it-IT"},{"@type":"Organization","@id":"https:\/\/golfmarcosimone.com\/#organization","name":"Golf Marco Simone","url":"https:\/\/golfmarcosimone.com\/","logo":{"@type":"ImageObject","inLanguage":"it-IT","@id":"https:\/\/golfmarcosimone.com\/#\/schema\/logo\/image\/","url":"https:\/\/golfmarcosimone.com\/wp-content\/uploads\/2019\/05\/logo-big.png","contentUrl":"https:\/\/golfmarcosimone.com\/wp-content\/uploads\/2019\/05\/logo-big.png","width":3000,"height":416,"caption":"Golf Marco Simone"},"image":{"@id":"https:\/\/golfmarcosimone.com\/#\/schema\/logo\/image\/"},"sameAs":["https:\/\/www.facebook.com\/golfmarcosimone\/","https:\/\/x.com\/marcosimonegolf","https:\/\/www.instagram.com\/marcosimonegolf\/"]}]}},"_links":{"self":[{"href":"https:\/\/golfmarcosimone.com\/it\/wp-json\/wp\/v2\/product\/12024"}],"collection":[{"href":"https:\/\/golfmarcosimone.com\/it\/wp-json\/wp\/v2\/product"}],"about":[{"href":"https:\/\/golfmarcosimone.com\/it\/wp-json\/wp\/v2\/types\/product"}],"wp:featuredmedia":[{"embeddable":true,"href":"https:\/\/golfmarcosimone.com\/it\/wp-json\/wp\/v2\/media\/12042"}],"wp:attachment":[{"href":"https:\/\/golfmarcosimone.com\/it\/wp-json\/wp\/v2\/media?parent=12024"}],"wp:term":[{"taxonomy":"product_cat","embeddable":true,"href":"https:\/\/golfmarcosimone.com\/it\/wp-json\/wp\/v2\/product_cat?post=12024"},{"taxonomy":"product_tag","embeddable":true,"href":"https:\/\/golfmarcosimone.com\/it\/wp-json\/wp\/v2\/product_tag?post=12024"}],"curies":[{"name":"wp","href":"https:\/\/api.w.org\/{rel}","templated":true}]}}