{"id":15774,"date":"2025-07-11T15:11:14","date_gmt":"2025-07-11T13:11:16","guid":{"rendered":"https:\/\/golfmarcosimone.com\/?post_type=product&#038;p=15774"},"modified":"2025-07-11T15:17:15","modified_gmt":"2025-07-11T13:17:15","slug":"polo-adidas-fuxia-marco-simone-da-donna","status":"publish","type":"product","link":"https:\/\/golfmarcosimone.com\/it\/product\/polo-adidas-fuxia-marco-simone-da-donna\/","title":{"rendered":"POLO ADIDAS FUXIA MARCO SIMONE DA DONNA"},"content":{"rendered":"","protected":false},"excerpt":{"rendered":"<p>Polo fuxia da donna con logo stampato Marco Simone Golf &#038; Country Club ricamato, realizzata in tessuto sportivo sviluppato appositamente.<\/p>\n<p>DETTAGLI<\/p>\n<p>\u2022\tAdidas brand<br \/>\n\u2022\tLogo Marco Simone stampato<br \/>\n\u2022\t100% poliestere riciclato<br \/>\n\u2022\tStandard fit per una vestibilit\u00e0 confortevole, pensata per una grande libert\u00e0 di movimento nelle attivit\u00e0 outdoor<br \/>\n\u2022\tLavabile in lavatrice in acqua fredda separatamente<br \/>\n\u2022\tMade in Vietnam<\/p>\n","protected":false},"featured_media":15780,"template":"","meta":{"_monsterinsights_skip_tracking":false,"_monsterinsights_sitenote_active":false,"_monsterinsights_sitenote_note":"","_monsterinsights_sitenote_category":0},"product_cat":[121,128,194],"product_tag":[],"yoast_head":"<!-- This site is optimized with the Yoast SEO plugin v23.1 - https:\/\/yoast.com\/wordpress\/plugins\/seo\/ -->\n<title>POLO ADIDAS FUXIA MARCO SIMONE DA DONNA - GOLF MARCO SIMONE<\/title>\n<meta name=\"robots\" content=\"index, follow, max-snippet:-1, max-image-preview:large, max-video-preview:-1\" \/>\n<link rel=\"canonical\" href=\"https:\/\/golfmarcosimone.com\/it\/product\/polo-adidas-fuxia-marco-simone-da-donna\/\" \/>\n<meta property=\"og:locale\" content=\"it_IT\" \/>\n<meta property=\"og:type\" content=\"article\" \/>\n<meta property=\"og:title\" content=\"POLO ADIDAS FUXIA MARCO SIMONE DA DONNA - GOLF MARCO SIMONE\" \/>\n<meta property=\"og:description\" content=\"Polo fuxia da donna con logo stampato Marco Simone Golf &amp; Country Club ricamato, realizzata in tessuto sportivo sviluppato appositamente.  DETTAGLI  \u2022 Adidas brand \u2022 Logo Marco Simone stampato \u2022 100% poliestere riciclato \u2022 Standard fit per una vestibilit\u00e0 confortevole, pensata per una grande libert\u00e0 di movimento nelle attivit\u00e0 outdoor \u2022 Lavabile in lavatrice in acqua fredda separatamente \u2022 Made in Vietnam\" \/>\n<meta property=\"og:url\" content=\"https:\/\/golfmarcosimone.com\/it\/product\/polo-adidas-fuxia-marco-simone-da-donna\/\" \/>\n<meta property=\"og:site_name\" content=\"GOLF MARCO SIMONE\" \/>\n<meta property=\"article:publisher\" content=\"https:\/\/www.facebook.com\/golfmarcosimone\/\" \/>\n<meta property=\"article:modified_time\" content=\"2025-07-11T13:17:15+00:00\" \/>\n<meta property=\"og:image\" content=\"https:\/\/golfmarcosimone.com\/wp-content\/uploads\/2025\/07\/DONNA-ADIN9920-POLO-PINK-01.jpg\" \/>\n\t<meta property=\"og:image:width\" content=\"1074\" \/>\n\t<meta property=\"og:image:height\" content=\"1614\" \/>\n\t<meta property=\"og:image:type\" content=\"image\/jpeg\" \/>\n<meta name=\"twitter:card\" content=\"summary_large_image\" \/>\n<meta name=\"twitter:site\" content=\"@marcosimonegolf\" \/>\n<meta name=\"twitter:label1\" content=\"Tempo di lettura stimato\" \/>\n\t<meta name=\"twitter:data1\" content=\"1 minuto\" \/>\n<script type=\"application\/ld+json\" class=\"yoast-schema-graph\">{\"@context\":\"https:\/\/schema.org\",\"@graph\":[{\"@type\":\"WebPage\",\"@id\":\"https:\/\/golfmarcosimone.com\/it\/product\/polo-adidas-fuxia-marco-simone-da-donna\/\",\"url\":\"https:\/\/golfmarcosimone.com\/it\/product\/polo-adidas-fuxia-marco-simone-da-donna\/\",\"name\":\"POLO ADIDAS FUXIA MARCO SIMONE DA DONNA - GOLF MARCO SIMONE\",\"isPartOf\":{\"@id\":\"https:\/\/golfmarcosimone.com\/#website\"},\"primaryImageOfPage\":{\"@id\":\"https:\/\/golfmarcosimone.com\/it\/product\/polo-adidas-fuxia-marco-simone-da-donna\/#primaryimage\"},\"image\":{\"@id\":\"https:\/\/golfmarcosimone.com\/it\/product\/polo-adidas-fuxia-marco-simone-da-donna\/#primaryimage\"},\"thumbnailUrl\":\"https:\/\/golfmarcosimone.com\/wp-content\/uploads\/2025\/07\/DONNA-ADIN9920-POLO-PINK-01.jpg\",\"datePublished\":\"2025-07-11T13:11:16+00:00\",\"dateModified\":\"2025-07-11T13:17:15+00:00\",\"breadcrumb\":{\"@id\":\"https:\/\/golfmarcosimone.com\/it\/product\/polo-adidas-fuxia-marco-simone-da-donna\/#breadcrumb\"},\"inLanguage\":\"it-IT\",\"potentialAction\":[{\"@type\":\"ReadAction\",\"target\":[\"https:\/\/golfmarcosimone.com\/it\/product\/polo-adidas-fuxia-marco-simone-da-donna\/\"]}]},{\"@type\":\"ImageObject\",\"inLanguage\":\"it-IT\",\"@id\":\"https:\/\/golfmarcosimone.com\/it\/product\/polo-adidas-fuxia-marco-simone-da-donna\/#primaryimage\",\"url\":\"https:\/\/golfmarcosimone.com\/wp-content\/uploads\/2025\/07\/DONNA-ADIN9920-POLO-PINK-01.jpg\",\"contentUrl\":\"https:\/\/golfmarcosimone.com\/wp-content\/uploads\/2025\/07\/DONNA-ADIN9920-POLO-PINK-01.jpg\",\"width\":1074,\"height\":1614},{\"@type\":\"BreadcrumbList\",\"@id\":\"https:\/\/golfmarcosimone.com\/it\/product\/polo-adidas-fuxia-marco-simone-da-donna\/#breadcrumb\",\"itemListElement\":[{\"@type\":\"ListItem\",\"position\":1,\"name\":\"Home\",\"item\":\"https:\/\/golfmarcosimone.com\/it\/\"},{\"@type\":\"ListItem\",\"position\":2,\"name\":\"Shop\",\"item\":\"https:\/\/golfmarcosimone.com\/it\/negozio\/\"},{\"@type\":\"ListItem\",\"position\":3,\"name\":\"POLO ADIDAS FUXIA MARCO SIMONE DA DONNA\"}]},{\"@type\":\"WebSite\",\"@id\":\"https:\/\/golfmarcosimone.com\/#website\",\"url\":\"https:\/\/golfmarcosimone.com\/\",\"name\":\"GOLF MARCO SIMONE\",\"description\":\"SEDE DELLA RYDER CUP 2023\",\"publisher\":{\"@id\":\"https:\/\/golfmarcosimone.com\/#organization\"},\"potentialAction\":[{\"@type\":\"SearchAction\",\"target\":{\"@type\":\"EntryPoint\",\"urlTemplate\":\"https:\/\/golfmarcosimone.com\/?s={search_term_string}\"},\"query-input\":\"required name=search_term_string\"}],\"inLanguage\":\"it-IT\"},{\"@type\":\"Organization\",\"@id\":\"https:\/\/golfmarcosimone.com\/#organization\",\"name\":\"Golf Marco Simone\",\"url\":\"https:\/\/golfmarcosimone.com\/\",\"logo\":{\"@type\":\"ImageObject\",\"inLanguage\":\"it-IT\",\"@id\":\"https:\/\/golfmarcosimone.com\/#\/schema\/logo\/image\/\",\"url\":\"https:\/\/golfmarcosimone.com\/wp-content\/uploads\/2019\/05\/logo-big.png\",\"contentUrl\":\"https:\/\/golfmarcosimone.com\/wp-content\/uploads\/2019\/05\/logo-big.png\",\"width\":3000,\"height\":416,\"caption\":\"Golf Marco Simone\"},\"image\":{\"@id\":\"https:\/\/golfmarcosimone.com\/#\/schema\/logo\/image\/\"},\"sameAs\":[\"https:\/\/www.facebook.com\/golfmarcosimone\/\",\"https:\/\/x.com\/marcosimonegolf\",\"https:\/\/www.instagram.com\/marcosimonegolf\/\"]}]}<\/script>\n<!-- \/ Yoast SEO plugin. -->","yoast_head_json":{"title":"POLO ADIDAS FUXIA MARCO SIMONE DA DONNA - GOLF MARCO SIMONE","robots":{"index":"index","follow":"follow","max-snippet":"max-snippet:-1","max-image-preview":"max-image-preview:large","max-video-preview":"max-video-preview:-1"},"canonical":"https:\/\/golfmarcosimone.com\/it\/product\/polo-adidas-fuxia-marco-simone-da-donna\/","og_locale":"it_IT","og_type":"article","og_title":"POLO ADIDAS FUXIA MARCO SIMONE DA DONNA - GOLF MARCO SIMONE","og_description":"Polo fuxia da donna con logo stampato Marco Simone Golf & Country Club ricamato, realizzata in tessuto sportivo sviluppato appositamente.  DETTAGLI  \u2022 Adidas brand \u2022 Logo Marco Simone stampato \u2022 100% poliestere riciclato \u2022 Standard fit per una vestibilit\u00e0 confortevole, pensata per una grande libert\u00e0 di movimento nelle attivit\u00e0 outdoor \u2022 Lavabile in lavatrice in acqua fredda separatamente \u2022 Made in Vietnam","og_url":"https:\/\/golfmarcosimone.com\/it\/product\/polo-adidas-fuxia-marco-simone-da-donna\/","og_site_name":"GOLF MARCO SIMONE","article_publisher":"https:\/\/www.facebook.com\/golfmarcosimone\/","article_modified_time":"2025-07-11T13:17:15+00:00","og_image":[{"width":1074,"height":1614,"url":"https:\/\/golfmarcosimone.com\/wp-content\/uploads\/2025\/07\/DONNA-ADIN9920-POLO-PINK-01.jpg","type":"image\/jpeg"}],"twitter_card":"summary_large_image","twitter_site":"@marcosimonegolf","twitter_misc":{"Tempo di lettura stimato":"1 minuto"},"schema":{"@context":"https:\/\/schema.org","@graph":[{"@type":"WebPage","@id":"https:\/\/golfmarcosimone.com\/it\/product\/polo-adidas-fuxia-marco-simone-da-donna\/","url":"https:\/\/golfmarcosimone.com\/it\/product\/polo-adidas-fuxia-marco-simone-da-donna\/","name":"POLO ADIDAS FUXIA MARCO SIMONE DA DONNA - GOLF MARCO SIMONE","isPartOf":{"@id":"https:\/\/golfmarcosimone.com\/#website"},"primaryImageOfPage":{"@id":"https:\/\/golfmarcosimone.com\/it\/product\/polo-adidas-fuxia-marco-simone-da-donna\/#primaryimage"},"image":{"@id":"https:\/\/golfmarcosimone.com\/it\/product\/polo-adidas-fuxia-marco-simone-da-donna\/#primaryimage"},"thumbnailUrl":"https:\/\/golfmarcosimone.com\/wp-content\/uploads\/2025\/07\/DONNA-ADIN9920-POLO-PINK-01.jpg","datePublished":"2025-07-11T13:11:16+00:00","dateModified":"2025-07-11T13:17:15+00:00","breadcrumb":{"@id":"https:\/\/golfmarcosimone.com\/it\/product\/polo-adidas-fuxia-marco-simone-da-donna\/#breadcrumb"},"inLanguage":"it-IT","potentialAction":[{"@type":"ReadAction","target":["https:\/\/golfmarcosimone.com\/it\/product\/polo-adidas-fuxia-marco-simone-da-donna\/"]}]},{"@type":"ImageObject","inLanguage":"it-IT","@id":"https:\/\/golfmarcosimone.com\/it\/product\/polo-adidas-fuxia-marco-simone-da-donna\/#primaryimage","url":"https:\/\/golfmarcosimone.com\/wp-content\/uploads\/2025\/07\/DONNA-ADIN9920-POLO-PINK-01.jpg","contentUrl":"https:\/\/golfmarcosimone.com\/wp-content\/uploads\/2025\/07\/DONNA-ADIN9920-POLO-PINK-01.jpg","width":1074,"height":1614},{"@type":"BreadcrumbList","@id":"https:\/\/golfmarcosimone.com\/it\/product\/polo-adidas-fuxia-marco-simone-da-donna\/#breadcrumb","itemListElement":[{"@type":"ListItem","position":1,"name":"Home","item":"https:\/\/golfmarcosimone.com\/it\/"},{"@type":"ListItem","position":2,"name":"Shop","item":"https:\/\/golfmarcosimone.com\/it\/negozio\/"},{"@type":"ListItem","position":3,"name":"POLO ADIDAS FUXIA MARCO SIMONE DA DONNA"}]},{"@type":"WebSite","@id":"https:\/\/golfmarcosimone.com\/#website","url":"https:\/\/golfmarcosimone.com\/","name":"GOLF MARCO SIMONE","description":"SEDE DELLA RYDER CUP 2023","publisher":{"@id":"https:\/\/golfmarcosimone.com\/#organization"},"potentialAction":[{"@type":"SearchAction","target":{"@type":"EntryPoint","urlTemplate":"https:\/\/golfmarcosimone.com\/?s={search_term_string}"},"query-input":"required name=search_term_string"}],"inLanguage":"it-IT"},{"@type":"Organization","@id":"https:\/\/golfmarcosimone.com\/#organization","name":"Golf Marco Simone","url":"https:\/\/golfmarcosimone.com\/","logo":{"@type":"ImageObject","inLanguage":"it-IT","@id":"https:\/\/golfmarcosimone.com\/#\/schema\/logo\/image\/","url":"https:\/\/golfmarcosimone.com\/wp-content\/uploads\/2019\/05\/logo-big.png","contentUrl":"https:\/\/golfmarcosimone.com\/wp-content\/uploads\/2019\/05\/logo-big.png","width":3000,"height":416,"caption":"Golf Marco Simone"},"image":{"@id":"https:\/\/golfmarcosimone.com\/#\/schema\/logo\/image\/"},"sameAs":["https:\/\/www.facebook.com\/golfmarcosimone\/","https:\/\/x.com\/marcosimonegolf","https:\/\/www.instagram.com\/marcosimonegolf\/"]}]}},"_links":{"self":[{"href":"https:\/\/golfmarcosimone.com\/it\/wp-json\/wp\/v2\/product\/15774"}],"collection":[{"href":"https:\/\/golfmarcosimone.com\/it\/wp-json\/wp\/v2\/product"}],"about":[{"href":"https:\/\/golfmarcosimone.com\/it\/wp-json\/wp\/v2\/types\/product"}],"wp:featuredmedia":[{"embeddable":true,"href":"https:\/\/golfmarcosimone.com\/it\/wp-json\/wp\/v2\/media\/15780"}],"wp:attachment":[{"href":"https:\/\/golfmarcosimone.com\/it\/wp-json\/wp\/v2\/media?parent=15774"}],"wp:term":[{"taxonomy":"product_cat","embeddable":true,"href":"https:\/\/golfmarcosimone.com\/it\/wp-json\/wp\/v2\/product_cat?post=15774"},{"taxonomy":"product_tag","embeddable":true,"href":"https:\/\/golfmarcosimone.com\/it\/wp-json\/wp\/v2\/product_tag?post=15774"}],"curies":[{"name":"wp","href":"https:\/\/api.w.org\/{rel}","templated":true}]}}